{"id":31,"date":"2016-05-31T14:08:20","date_gmt":"2016-05-31T14:08:20","guid":{"rendered":"http:\/\/lechatquiguette.com\/?page_id=31"},"modified":"2020-02-18T19:02:33","modified_gmt":"2020-02-18T18:02:33","slug":"carotte","status":"publish","type":"page","link":"https:\/\/lechatquiguette.com\/?page_id=31","title":{"rendered":"La Terre est bleue comme une carotte"},"content":{"rendered":"<p><img decoding=\"async\" loading=\"lazy\" class=\"alignnone size-full wp-image-422 aligncenter\" src=\"https:\/\/lechatquiguette.com\/wp-content\/uploads\/2020\/02\/Affiche-terrebleue_reduc.jpg\" alt=\"\" width=\"477\" height=\"674\" srcset=\"https:\/\/lechatquiguette.com\/wp-content\/uploads\/2020\/02\/Affiche-terrebleue_reduc.jpg 477w, https:\/\/lechatquiguette.com\/wp-content\/uploads\/2020\/02\/Affiche-terrebleue_reduc-212x300.jpg 212w\" sizes=\"(max-width: 477px) 100vw, 477px\" \/><\/p>\n<hr \/>\n<p>Madame Croque-Carotte vit dans un appartement. Elle mange fruits et l\u00e9gumes et d\u00e9pose ses d\u00e9chets dans un compost. Pelures et graines se m\u00e9langent.<br \/>De l&rsquo;autre c\u00f4t\u00e9 du palier, Madame Pousse-Tout est bien ennuy\u00e9e. Elle ne sait pas faire pousser de l\u00e9gumes, ne mange que des aliments emball\u00e9s de plastique dont elle ne sait plus quoi faire et qui d\u00e9borde sur son palier.<br \/>Madame Croque-Carotte est bien ennuy\u00e9e. Elle n&rsquo;ose pas dire que vraiment, tout ce plastique, c&rsquo;est emb\u00eatant !<br \/>Mais bient\u00f4t, les deux voisines se rencontreront sous le balcon d\u00e9bordant de fruits de Madame Croque-Carotte.<\/p>\n<p>Spectacle musical jeune public \u00e0 partir de 3 ans.<\/p>\n<p style=\"text-align: center;\"><strong>Mise en sc\u00e8ne:<\/strong><br \/>Julia Lemaire<\/p>\n<p style=\"text-align: center;\"><strong>Com\u00e9diennes:<\/strong><br \/>Anne-Claire Carret<br \/>en alterance : C\u00e9line Grolleau et Julia Lemaire<\/p>\n<p style=\"text-align: center;\"><strong>Musique:<\/strong><br \/>Pierre Le Bot<\/p>\n<p style=\"text-align: center;\"><strong>Costumes:<\/strong><br \/>Pascale Bereni \/ RE-Act<\/p>\n<hr \/>\n<p><iframe loading=\"lazy\" title=\"La Terre est bleue comme une carotte\" width=\"810\" height=\"608\" src=\"https:\/\/www.youtube.com\/embed\/A8J0-Bx14nw?feature=oembed\" frameborder=\"0\" allow=\"accelerometer; autoplay; encrypted-media; gyroscope; picture-in-picture\" allowfullscreen><\/iframe><\/p>\n<hr \/>\n\n\n<figure class=\"wp-block-gallery columns-3 is-cropped wp-block-gallery-1 is-layout-flex\"><ul class=\"blocks-gallery-grid\"><li class=\"blocks-gallery-item\"><figure><img decoding=\"async\" loading=\"lazy\" width=\"1024\" height=\"683\" src=\"https:\/\/lechatquiguette.com\/wp-content\/uploads\/2020\/02\/A-IMG_2452-1024x683.jpg\" alt=\"\" data-id=\"571\" data-full-url=\"https:\/\/lechatquiguette.com\/wp-content\/uploads\/2020\/02\/A-IMG_2452-scaled-e1582048054511.jpg\" data-link=\"https:\/\/lechatquiguette.com\/?attachment_id=571\" class=\"wp-image-571\"\/><\/figure><\/li><li class=\"blocks-gallery-item\"><figure><img decoding=\"async\" loading=\"lazy\" width=\"1024\" height=\"683\" src=\"https:\/\/lechatquiguette.com\/wp-content\/uploads\/2016\/05\/A-IMG_2650-1024x683.jpg\" alt=\"\" data-id=\"569\" data-full-url=\"https:\/\/lechatquiguette.com\/wp-content\/uploads\/2016\/05\/A-IMG_2650-scaled-e1582047677846.jpg\" data-link=\"https:\/\/lechatquiguette.com\/?attachment_id=569\" class=\"wp-image-569\"\/><\/figure><\/li><li class=\"blocks-gallery-item\"><figure><img decoding=\"async\" loading=\"lazy\" width=\"1024\" height=\"682\" src=\"https:\/\/lechatquiguette.com\/wp-content\/uploads\/2017\/02\/A-IMG_2255-1024x682.jpg\" alt=\"\" data-id=\"546\" data-full-url=\"https:\/\/lechatquiguette.com\/wp-content\/uploads\/2017\/02\/A-IMG_2255-scaled-e1582045629566.jpg\" data-link=\"https:\/\/lechatquiguette.com\/?attachment_id=546\" class=\"wp-image-546\"\/><\/figure><\/li><li class=\"blocks-gallery-item\"><figure><img decoding=\"async\" loading=\"lazy\" width=\"487\" height=\"365\" src=\"https:\/\/lechatquiguette.com\/wp-content\/uploads\/2020\/02\/reduc_IMG_8396.jpg\" alt=\"\" data-id=\"441\" data-full-url=\"https:\/\/lechatquiguette.com\/wp-content\/uploads\/2020\/02\/reduc_IMG_8396.jpg\" data-link=\"https:\/\/lechatquiguette.com\/?attachment_id=441\" class=\"wp-image-441\" srcset=\"https:\/\/lechatquiguette.com\/wp-content\/uploads\/2020\/02\/reduc_IMG_8396.jpg 487w, https:\/\/lechatquiguette.com\/wp-content\/uploads\/2020\/02\/reduc_IMG_8396-300x225.jpg 300w\" sizes=\"(max-width: 487px) 100vw, 487px\" \/><\/figure><\/li><li class=\"blocks-gallery-item\"><figure><img decoding=\"async\" loading=\"lazy\" width=\"324\" height=\"216\" src=\"https:\/\/lechatquiguette.com\/wp-content\/uploads\/2020\/02\/reduc_IMG_8505.jpg\" alt=\"\" data-id=\"439\" data-full-url=\"https:\/\/lechatquiguette.com\/wp-content\/uploads\/2020\/02\/reduc_IMG_8505.jpg\" data-link=\"https:\/\/lechatquiguette.com\/?attachment_id=439\" class=\"wp-image-439\" srcset=\"https:\/\/lechatquiguette.com\/wp-content\/uploads\/2020\/02\/reduc_IMG_8505.jpg 324w, https:\/\/lechatquiguette.com\/wp-content\/uploads\/2020\/02\/reduc_IMG_8505-300x200.jpg 300w, https:\/\/lechatquiguette.com\/wp-content\/uploads\/2020\/02\/reduc_IMG_8505-120x80.jpg 120w\" sizes=\"(max-width: 324px) 100vw, 324px\" \/><\/figure><\/li><li class=\"blocks-gallery-item\"><figure><img decoding=\"async\" loading=\"lazy\" width=\"324\" height=\"216\" src=\"https:\/\/lechatquiguette.com\/wp-content\/uploads\/2020\/02\/reduc_IMG_8461.jpg\" alt=\"\" data-id=\"438\" data-full-url=\"https:\/\/lechatquiguette.com\/wp-content\/uploads\/2020\/02\/reduc_IMG_8461.jpg\" data-link=\"https:\/\/lechatquiguette.com\/?attachment_id=438\" class=\"wp-image-438\" srcset=\"https:\/\/lechatquiguette.com\/wp-content\/uploads\/2020\/02\/reduc_IMG_8461.jpg 324w, https:\/\/lechatquiguette.com\/wp-content\/uploads\/2020\/02\/reduc_IMG_8461-300x200.jpg 300w, https:\/\/lechatquiguette.com\/wp-content\/uploads\/2020\/02\/reduc_IMG_8461-120x80.jpg 120w\" sizes=\"(max-width: 324px) 100vw, 324px\" \/><\/figure><\/li><li class=\"blocks-gallery-item\"><figure><img decoding=\"async\" loading=\"lazy\" width=\"324\" height=\"216\" src=\"https:\/\/lechatquiguette.com\/wp-content\/uploads\/2020\/02\/reduc_IMG_8451.jpg\" alt=\"\" data-id=\"437\" data-full-url=\"https:\/\/lechatquiguette.com\/wp-content\/uploads\/2020\/02\/reduc_IMG_8451.jpg\" data-link=\"https:\/\/lechatquiguette.com\/?attachment_id=437\" class=\"wp-image-437\" srcset=\"https:\/\/lechatquiguette.com\/wp-content\/uploads\/2020\/02\/reduc_IMG_8451.jpg 324w, https:\/\/lechatquiguette.com\/wp-content\/uploads\/2020\/02\/reduc_IMG_8451-300x200.jpg 300w, https:\/\/lechatquiguette.com\/wp-content\/uploads\/2020\/02\/reduc_IMG_8451-120x80.jpg 120w\" sizes=\"(max-width: 324px) 100vw, 324px\" \/><\/figure><\/li><li class=\"blocks-gallery-item\"><figure><img decoding=\"async\" loading=\"lazy\" width=\"216\" height=\"324\" src=\"https:\/\/lechatquiguette.com\/wp-content\/uploads\/2020\/02\/IMG_8401_reduc-rotated-e1581954962718.jpg\" alt=\"\" data-id=\"436\" data-full-url=\"https:\/\/lechatquiguette.com\/wp-content\/uploads\/2020\/02\/IMG_8401_reduc-rotated-e1581954962718.jpg\" data-link=\"https:\/\/lechatquiguette.com\/?attachment_id=436\" class=\"wp-image-436\" srcset=\"https:\/\/lechatquiguette.com\/wp-content\/uploads\/2020\/02\/IMG_8401_reduc-rotated-e1581954962718.jpg 216w, https:\/\/lechatquiguette.com\/wp-content\/uploads\/2020\/02\/IMG_8401_reduc-rotated-e1581954962718-200x300.jpg 200w\" sizes=\"(max-width: 216px) 100vw, 216px\" \/><\/figure><\/li><li class=\"blocks-gallery-item\"><figure><img decoding=\"async\" loading=\"lazy\" width=\"324\" height=\"216\" src=\"https:\/\/lechatquiguette.com\/wp-content\/uploads\/2020\/02\/IMG_8397_reduc.jpg\" alt=\"\" data-id=\"435\" data-full-url=\"https:\/\/lechatquiguette.com\/wp-content\/uploads\/2020\/02\/IMG_8397_reduc.jpg\" data-link=\"https:\/\/lechatquiguette.com\/?attachment_id=435\" class=\"wp-image-435\" srcset=\"https:\/\/lechatquiguette.com\/wp-content\/uploads\/2020\/02\/IMG_8397_reduc.jpg 324w, https:\/\/lechatquiguette.com\/wp-content\/uploads\/2020\/02\/IMG_8397_reduc-300x200.jpg 300w, https:\/\/lechatquiguette.com\/wp-content\/uploads\/2020\/02\/IMG_8397_reduc-120x80.jpg 120w\" sizes=\"(max-width: 324px) 100vw, 324px\" \/><\/figure><\/li><li class=\"blocks-gallery-item\"><figure><img decoding=\"async\" loading=\"lazy\" width=\"640\" height=\"426\" src=\"https:\/\/lechatquiguette.com\/wp-content\/uploads\/2020\/02\/A-IMG_2650.jpg\" alt=\"\" data-id=\"434\" data-full-url=\"https:\/\/lechatquiguette.com\/wp-content\/uploads\/2020\/02\/A-IMG_2650.jpg\" data-link=\"https:\/\/lechatquiguette.com\/?attachment_id=434\" class=\"wp-image-434\" srcset=\"https:\/\/lechatquiguette.com\/wp-content\/uploads\/2020\/02\/A-IMG_2650.jpg 640w, https:\/\/lechatquiguette.com\/wp-content\/uploads\/2020\/02\/A-IMG_2650-300x200.jpg 300w, https:\/\/lechatquiguette.com\/wp-content\/uploads\/2020\/02\/A-IMG_2650-120x80.jpg 120w\" sizes=\"(max-width: 640px) 100vw, 640px\" \/><\/figure><\/li><li class=\"blocks-gallery-item\"><figure><img decoding=\"async\" loading=\"lazy\" width=\"640\" height=\"438\" src=\"https:\/\/lechatquiguette.com\/wp-content\/uploads\/2020\/02\/A-IMG_2387.jpg\" alt=\"\" data-id=\"432\" data-full-url=\"https:\/\/lechatquiguette.com\/wp-content\/uploads\/2020\/02\/A-IMG_2387.jpg\" data-link=\"https:\/\/lechatquiguette.com\/?attachment_id=432\" class=\"wp-image-432\" srcset=\"https:\/\/lechatquiguette.com\/wp-content\/uploads\/2020\/02\/A-IMG_2387.jpg 640w, https:\/\/lechatquiguette.com\/wp-content\/uploads\/2020\/02\/A-IMG_2387-300x205.jpg 300w\" sizes=\"(max-width: 640px) 100vw, 640px\" \/><\/figure><\/li><\/ul><\/figure>\n","protected":false},"excerpt":{"rendered":"<p>Madame Croque-Carotte vit dans un appartement. Elle mange fruits et l\u00e9gumes et d\u00e9pose ses d\u00e9chets dans un compost. Pelures et<\/p>\n","protected":false},"author":1,"featured_media":0,"parent":0,"menu_order":0,"comment_status":"closed","ping_status":"closed","template":"","meta":[],"_links":{"self":[{"href":"https:\/\/lechatquiguette.com\/index.php?rest_route=\/wp\/v2\/pages\/31"}],"collection":[{"href":"https:\/\/lechatquiguette.com\/index.php?rest_route=\/wp\/v2\/pages"}],"about":[{"href":"https:\/\/lechatquiguette.com\/index.php?rest_route=\/wp\/v2\/types\/page"}],"author":[{"embeddable":true,"href":"https:\/\/lechatquiguette.com\/index.php?rest_route=\/wp\/v2\/users\/1"}],"replies":[{"embeddable":true,"href":"https:\/\/lechatquiguette.com\/index.php?rest_route=%2Fwp%2Fv2%2Fcomments&post=31"}],"version-history":[{"count":12,"href":"https:\/\/lechatquiguette.com\/index.php?rest_route=\/wp\/v2\/pages\/31\/revisions"}],"predecessor-version":[{"id":577,"href":"https:\/\/lechatquiguette.com\/index.php?rest_route=\/wp\/v2\/pages\/31\/revisions\/577"}],"wp:attachment":[{"href":"https:\/\/lechatquiguette.com\/index.php?rest_route=%2Fwp%2Fv2%2Fmedia&parent=31"}],"curies":[{"name":"wp","href":"https:\/\/api.w.org\/{rel}","templated":true}]}}