{"id":375,"date":"2020-02-17T15:51:23","date_gmt":"2020-02-17T14:51:23","guid":{"rendered":"http:\/\/lechatquiguette.com\/?page_id=375"},"modified":"2021-10-01T11:40:14","modified_gmt":"2021-10-01T09:40:14","slug":"popomaime","status":"publish","type":"page","link":"https:\/\/lechatquiguette.com\/?page_id=375","title":{"rendered":"Popom&rsquo;aime"},"content":{"rendered":"\n<figure class=\"wp-block-image size-large\"><img decoding=\"async\" loading=\"lazy\" width=\"1024\" height=\"867\" src=\"https:\/\/lechatquiguette.com\/wp-content\/uploads\/2020\/02\/popomaime-1024x867.jpg\" alt=\"\" class=\"wp-image-511\" srcset=\"https:\/\/lechatquiguette.com\/wp-content\/uploads\/2020\/02\/popomaime-1024x867.jpg 1024w, https:\/\/lechatquiguette.com\/wp-content\/uploads\/2020\/02\/popomaime-300x254.jpg 300w, https:\/\/lechatquiguette.com\/wp-content\/uploads\/2020\/02\/popomaime-768x650.jpg 768w, https:\/\/lechatquiguette.com\/wp-content\/uploads\/2020\/02\/popomaime.jpg 1181w\" sizes=\"(max-width: 1024px) 100vw, 1024px\" \/><\/figure>\n\n\n\n<p class=\"has-text-align-center\"> <strong>POPOM&rsquo;AIME #1<br> Les saisons<\/strong><br> Th\u00e9\u00e2tre de po\u00e9sie et d&rsquo;objet \u00e0 partir de 3 ans<br> Mise en sc\u00e8ne Julia Lemaire <\/p>\n\n\n\n<p>Madame Pom&rsquo; aime est toute en \u00e9moi lorsqu&rsquo;elle s&rsquo;aper\u00e7oit que sur sc\u00e8ne, de nombreuses bo\u00eetes en carton, grandes et petites , lisses ou poilues, ont \u00e9t\u00e9 d\u00e9pos\u00e9es l\u00e0. Bizarre, \u00e9trange, \u00e9tonnant&#8230; <\/p>\n\n\n\n<p>Elle invite les enfants \u00e0 la suivre pour d\u00e9couvrir ce que ces bo\u00eetes renferment, contiennent,  cachent. Ont-elles des secrets que nous pouvons partager&nbsp;?<\/p>\n\n\n\n<p> Au\nfil de leurs explorations, Madame Pom&rsquo;aime nous emm\u00e8ne au c\u0153ur  de\nnos propres \u00e9motions et de notre espace du dedans.<\/p>\n\n\n\n<p>Elle\nnous invite dans son voyage au fil des mots, des chants, des joies,\ndes peines, des peurs, des ravissements.<\/p>\n\n\n\n<p>Mots,\ndanses, chants, objets se m\u00e9langent. Et la po\u00e9sie entre dans notre\nespace int\u00e9rieur.<\/p>\n\n\n\n<p>Quelques\npo\u00e8mes cit\u00e9s&nbsp;: \u00ab&nbsp;Au cirque&nbsp;\u00bb  Norge, \u00ab&nbsp;Demain,\nd\u00e8s l&rsquo;aube&nbsp;\u00bb  Victor Hugo, \u00ab&nbsp;Demandez gentiment&nbsp;\u00bb \nMichel Monnerau, \u00ab&nbsp;Je hais les haies&nbsp;\u00bb Raymond Devos, \u00ab&nbsp;\nLe Blaireau&nbsp;\u00bb de Robert Desnos, \u00ab&nbsp;La cigale et la fourmi\n\u00ab&nbsp; Jean de La fontaine<\/p>\n\n\n\n<p class=\"has-text-align-center\"> <strong>POPOM&rsquo;AIME #2<br> Les \u00e9motions<\/strong><br> Th\u00e9\u00e2tre de po\u00e9sie et d&rsquo;objet \u00e0 partir de 3 ans<br> Mise en sc\u00e8ne Julia Lemaire  <\/p>\n\n\n\n<p>Madame Pom&rsquo; aime est toute en \u00e9moi lorsqu&rsquo;elle s&rsquo;aper\u00e7oit que sur sc\u00e8ne, de<br>\nnombreuses bo\u00eetes en carton, grandes et petites , lisses ou poilues, ont \u00e9t\u00e9 d\u00e9pos\u00e9es l\u00e0.<br>\nBizarre, \u00e9trange, \u00e9tonnant\u2026<br>\nElle invite les enfants \u00e0 la suivre pour d\u00e9couvrir ce que ces bo\u00eetes renferment,<br>\ncontiennent, cachent. Ont-elles des secrets que nous pouvons partager ?<br>\nAu fil de leurs explorations, Madame Pom&rsquo;aime nous emm\u00e8ne au coeur de nos propres<br>\n\u00e9motions et de notre espace du dedans.<br>\nElle nous invite dans son voyage au fil des mots, des chants, des joies, des peines, des<br>\npeurs, des ravissements.<br>\nMots, danses, chants, objets se m\u00e9langent. Et la po\u00e9sie entre dans notre espace int\u00e9rieur.<br>\nQuelques po\u00e8mes cit\u00e9s : \u00ab Au cirque \u00bb Norge, \u00ab Demain, d\u00e8s l&rsquo;aube \u00bb Victor Hugo,<br>\n\u00ab Demandez gentiment \u00bb Michel Monnerau, \u00ab Je hais les haies \u00bb Raymond Devos, \u00ab Le<br>\nBlaireau \u00bb de Robert Desnos, \u00ab La cigale et la fourmi \u00ab Jean de La fontaine<\/p>\n\n\n\n<p class=\"has-text-align-center\">  <strong>POPOM&rsquo;AIME #3<br>Voyage en po\u00e9sie<\/strong><br> Th\u00e9\u00e2tre de po\u00e9sie et d&rsquo;objet \u00e0 partir de 3 ans<br> Mise en sc\u00e8ne Julia Lemaire   <\/p>\n\n\n\n<p>Perch\u00e9e sur sa trottinette, madame Pom&rsquo;aime a sillonn\u00e9e la terre durant une ann\u00e9e<br>\nenti\u00e8re. Elle est all\u00e9e \u00e0 la rencontre des autres. Des autres pays, des autres paysages, des<br>\nautres oc\u00e9ans, animaux, odeurs, nourritures, langues, musiques\u2026. des autres\u2026et d&rsquo;ellem\u00eame.<br>\nLa voil\u00e0, devant nous, son sac \u00e0 dos empli de merveilles du Japon, de Russie, de po\u00e8mes<br>\net de contes lointains.<br>\nMots, danses, chants, objets se m\u00e9langent. Et la po\u00e9sie entre dans notre espace int\u00e9rieur.<br>\nQuelques po\u00e8mes cit\u00e9s :<br>\npo\u00e8mes (gustatifs) tir\u00e9s du recueil \u00ab\u00a0Un go\u00fbter au mont Fuji\u00a0\u00bb de Delphine Roux et Pascal<br>\nMoteki, ha\u00efkus de Ryo Kan, \u00ab\u00a0Le voyage d&rsquo;Anoki\u00a0\u00bb d&rsquo; Antoine Guillopp\u00e9, \u00ab\u00a0Chansons de<br>\nl&rsquo;hippocampe et autres po\u00e8mes\u00a0\u00bb d&rsquo;Aim\u00e9 C\u00e9saire.<\/p>\n\n\n\n<figure class=\"wp-block-image size-large\"><img decoding=\"async\" loading=\"lazy\" width=\"724\" height=\"1024\" src=\"https:\/\/lechatquiguette.com\/wp-content\/uploads\/2021\/10\/visuel-felix-724x1024.jpg\" alt=\"\" class=\"wp-image-640\" srcset=\"https:\/\/lechatquiguette.com\/wp-content\/uploads\/2021\/10\/visuel-felix-724x1024.jpg 724w, https:\/\/lechatquiguette.com\/wp-content\/uploads\/2021\/10\/visuel-felix-212x300.jpg 212w, https:\/\/lechatquiguette.com\/wp-content\/uploads\/2021\/10\/visuel-felix-768x1086.jpg 768w, https:\/\/lechatquiguette.com\/wp-content\/uploads\/2021\/10\/visuel-felix-1086x1536.jpg 1086w, https:\/\/lechatquiguette.com\/wp-content\/uploads\/2021\/10\/visuel-felix-1448x2048.jpg 1448w, https:\/\/lechatquiguette.com\/wp-content\/uploads\/2021\/10\/visuel-felix-scaled.jpg 1811w\" sizes=\"(max-width: 724px) 100vw, 724px\" \/><\/figure>\n\n\n\n<p><\/p>\n","protected":false},"excerpt":{"rendered":"<p>POPOM&rsquo;AIME #1 Les saisons Th\u00e9\u00e2tre de po\u00e9sie et d&rsquo;objet \u00e0 partir de 3 ans Mise en sc\u00e8ne Julia Lemaire Madame<\/p>\n","protected":false},"author":1,"featured_media":0,"parent":0,"menu_order":0,"comment_status":"closed","ping_status":"closed","template":"","meta":[],"_links":{"self":[{"href":"https:\/\/lechatquiguette.com\/index.php?rest_route=\/wp\/v2\/pages\/375"}],"collection":[{"href":"https:\/\/lechatquiguette.com\/index.php?rest_route=\/wp\/v2\/pages"}],"about":[{"href":"https:\/\/lechatquiguette.com\/index.php?rest_route=\/wp\/v2\/types\/page"}],"author":[{"embeddable":true,"href":"https:\/\/lechatquiguette.com\/index.php?rest_route=\/wp\/v2\/users\/1"}],"replies":[{"embeddable":true,"href":"https:\/\/lechatquiguette.com\/index.php?rest_route=%2Fwp%2Fv2%2Fcomments&post=375"}],"version-history":[{"count":7,"href":"https:\/\/lechatquiguette.com\/index.php?rest_route=\/wp\/v2\/pages\/375\/revisions"}],"predecessor-version":[{"id":642,"href":"https:\/\/lechatquiguette.com\/index.php?rest_route=\/wp\/v2\/pages\/375\/revisions\/642"}],"wp:attachment":[{"href":"https:\/\/lechatquiguette.com\/index.php?rest_route=%2Fwp%2Fv2%2Fmedia&parent=375"}],"curies":[{"name":"wp","href":"https:\/\/api.w.org\/{rel}","templated":true}]}}