{"id":44,"date":"2016-06-01T19:54:02","date_gmt":"2016-06-01T19:54:02","guid":{"rendered":"http:\/\/lechatquiguette.com\/?page_id=44"},"modified":"2020-02-17T18:20:05","modified_gmt":"2020-02-17T17:20:05","slug":"apropos","status":"publish","type":"page","link":"https:\/\/lechatquiguette.com\/?page_id=44","title":{"rendered":"A propos de l&rsquo;association"},"content":{"rendered":"<p>Le chat qui guette est un collectif d&rsquo;artistes pluridisciplinaires solidaires. L&rsquo;association soutient des projets musique, th\u00e9\u00e2tre, danse, arts plastiques. Elle a \u00e9t\u00e9 fond\u00e9e en septembre 2011 par Julia Lemaire, Pierre Le Bot, Pascale B\u00e9r\u00e9ni, C\u00e9cile Gravot. Aujourd&rsquo;hui le collectif regroupe une trentaine d&rsquo;artistes gravitant autour des projets des membres fondateurs.<\/p>\n<p>\u00a0<\/p>\n<p>Le Chat qui Guette<br \/>Mairie, avenue du 11 novembre, 44640 Saint Jean de Boiseau<\/p>\n<p><a href=\"mailto:chatquiguette@free.fr\">chatquiguette@free.fr<\/a><\/p>\n<p>\u00a0<\/p>\n\n\n<figure class=\"wp-block-image size-large\"><img decoding=\"async\" loading=\"lazy\" width=\"640\" height=\"426\" src=\"https:\/\/lechatquiguette.com\/wp-content\/uploads\/2020\/02\/A-IMG_2252.jpg\" alt=\"\" class=\"wp-image-431\" srcset=\"https:\/\/lechatquiguette.com\/wp-content\/uploads\/2020\/02\/A-IMG_2252.jpg 640w, https:\/\/lechatquiguette.com\/wp-content\/uploads\/2020\/02\/A-IMG_2252-300x200.jpg 300w, https:\/\/lechatquiguette.com\/wp-content\/uploads\/2020\/02\/A-IMG_2252-120x80.jpg 120w\" sizes=\"(max-width: 640px) 100vw, 640px\" \/><\/figure>\n","protected":false},"excerpt":{"rendered":"<p>Le chat qui guette est un collectif d&rsquo;artistes pluridisciplinaires solidaires. L&rsquo;association soutient des projets musique, th\u00e9\u00e2tre, danse, arts plastiques. Elle<\/p>\n","protected":false},"author":1,"featured_media":0,"parent":0,"menu_order":0,"comment_status":"closed","ping_status":"closed","template":"","meta":[],"_links":{"self":[{"href":"https:\/\/lechatquiguette.com\/index.php?rest_route=\/wp\/v2\/pages\/44"}],"collection":[{"href":"https:\/\/lechatquiguette.com\/index.php?rest_route=\/wp\/v2\/pages"}],"about":[{"href":"https:\/\/lechatquiguette.com\/index.php?rest_route=\/wp\/v2\/types\/page"}],"author":[{"embeddable":true,"href":"https:\/\/lechatquiguette.com\/index.php?rest_route=\/wp\/v2\/users\/1"}],"replies":[{"embeddable":true,"href":"https:\/\/lechatquiguette.com\/index.php?rest_route=%2Fwp%2Fv2%2Fcomments&post=44"}],"version-history":[{"count":5,"href":"https:\/\/lechatquiguette.com\/index.php?rest_route=\/wp\/v2\/pages\/44\/revisions"}],"predecessor-version":[{"id":523,"href":"https:\/\/lechatquiguette.com\/index.php?rest_route=\/wp\/v2\/pages\/44\/revisions\/523"}],"wp:attachment":[{"href":"https:\/\/lechatquiguette.com\/index.php?rest_route=%2Fwp%2Fv2%2Fmedia&parent=44"}],"curies":[{"name":"wp","href":"https:\/\/api.w.org\/{rel}","templated":true}]}}