{"id":46,"date":"2016-06-01T19:56:18","date_gmt":"2016-06-01T19:56:18","guid":{"rendered":"http:\/\/lechatquiguette.com\/?page_id=46"},"modified":"2025-01-14T12:00:26","modified_gmt":"2025-01-14T11:00:26","slug":"calendrier","status":"publish","type":"page","link":"https:\/\/lechatquiguette.com\/?page_id=46","title":{"rendered":"Calendrier"},"content":{"rendered":"\n<p class=\"has-text-align-center\"><strong>2025<\/strong><\/p>\n\n\n\n<p><strong>28 f\u00e9vrier<\/strong> : <a href=\"https:\/\/lechatquiguette.com\/?page_id=725\" data-type=\"page\" data-id=\"725\">L&rsquo;Odyss\u00e9e de Polly<\/a> (Saint Jean de Boiseau, Salle des Pierres Blanches)<\/p>\n\n\n\n<p><strong>19 f\u00e9vrier<\/strong> : <a href=\"https:\/\/lechatquiguette.com\/?page_id=725\" data-type=\"page\" data-id=\"725\">L&rsquo;Odyss\u00e9e de Polly<\/a> (Rouans, Espace Coeur en sc\u00e8ne)<\/p>\n\n\n\n<p><strong>29 janvier<\/strong> : <a href=\"https:\/\/lechatquiguette.com\/?page_id=375\" data-type=\"page\" data-id=\"375\">Pom&rsquo;aime #4<\/a> Le Chaudron (La Roche sur Yon)<\/p>\n\n\n\n<p><strong>22 janvier<\/strong> : <a href=\"https:\/\/lechatquiguette.com\/?page_id=375\" data-type=\"page\" data-id=\"375\">Pom&rsquo;aime #4 Le Chaudron<\/a> (La Roche sur Yon)<\/p>\n\n\n\n<p><strong>du 3 au 7 janvier<\/strong> : <a href=\"https:\/\/lechatquiguette.com\/?page_id=725\" data-type=\"page\" data-id=\"725\">L&rsquo;Odyss\u00e9e de Polly<\/a> en r\u00e9sidence \u00e0 Saint Jean de Boiseau<\/p>\n\n\n\n<p class=\"has-text-align-center\"><strong>2024<\/strong><\/p>\n\n\n\n<p><strong>21 d\u00e9cembre<\/strong> : <a href=\"https:\/\/lechatquiguette.com\/?page_id=375\" data-type=\"page\" data-id=\"375\">Pom&rsquo;aime #4 Le Chaudron<\/a> (La Roche sur Yon, March\u00e9 de No\u00ebl)<\/p>\n\n\n\n<p><strong>12 d\u00e9cembre<\/strong> : <a href=\"https:\/\/lechatquiguette.com\/?page_id=59\" data-type=\"page\" data-id=\"59\">Lic\u00e9mone ou la maison qui chante<\/a> (Saint Mars de Coutais)<\/p>\n\n\n\n<p><strong>11 d\u00e9cembre<\/strong> : <a href=\"https:\/\/lechatquiguette.com\/?page_id=375\" data-type=\"page\" data-id=\"375\">Pom&rsquo;aime #4 Le Chaudron<\/a> (La Roche sur Yon, March\u00e9 de No\u00ebl)<\/p>\n\n\n\n<p><strong>22 novembre<\/strong> : <a rel=\"noreferrer noopener\" href=\"https:\/\/lechatquiguette.com\/?page_id=114\" data-type=\"URL\" data-id=\"https:\/\/lechatquiguette.com\/?page_id=114\" target=\"_blank\">Bathroom Feydeau<\/a> (Saint Etienne de Montluc, Espace Montluc)<\/p>\n\n\n\n<p><strong>du 18 au 21 novembre<\/strong> : <a href=\"https:\/\/lechatquiguette.com\/?page_id=114\" data-type=\"URL\" data-id=\"https:\/\/lechatquiguette.com\/?page_id=114\" target=\"_blank\" rel=\"noreferrer noopener\">Bathroom Feydeau<\/a> en r\u00e9sidence \u00e0 Saint Etienne de Montluc<\/p>\n\n\n\n<p><strong>du 12 au 15 novembre<\/strong> : <a href=\"https:\/\/lechatquiguette.com\/?page_id=114\" data-type=\"URL\" data-id=\"https:\/\/lechatquiguette.com\/?page_id=114\" target=\"_blank\" rel=\"noreferrer noopener\">Bathroom Feydeau<\/a> en r\u00e9sidence \u00e0 Saint-Georges-des-Batignolles<\/p>\n\n\n\n<p><strong>13 novembre<\/strong> : <a href=\"https:\/\/lechatquiguette.com\/?page_id=375\" data-type=\"page\" data-id=\"375\">Pom&rsquo;aime #4 Le Chaudron<\/a> (La Roche sur Yon)<\/p>\n\n\n\n<p><strong>du 2 au 4 septembre<\/strong> : <a href=\"https:\/\/lechatquiguette.com\/?page_id=725\" data-type=\"page\" data-id=\"725\">L&rsquo;Odys\u00e9e de Polly<\/a> en r\u00e9sidence \u00e0 Saint-Jean de Boiseau (Salle des Pierres Blanches)<\/p>\n\n\n\n<p><strong>du 26 au 30 ao\u00fbt<\/strong> : <a href=\"https:\/\/lechatquiguette.com\/?page_id=114\" data-type=\"URL\" data-id=\"https:\/\/lechatquiguette.com\/?page_id=114\" target=\"_blank\" rel=\"noreferrer noopener\">Bathroom Feydeau<\/a> en r\u00e9sidence \u00e0 Cordemais<\/p>\n\n\n\n<p><strong>2 juillet<\/strong> : Petits papotages bois\u00e9ens (Salle des Pierres Blanches, 15h et 18h)<\/p>\n\n\n\n<p><strong>du 24 au 28 juin<\/strong> : <a href=\"https:\/\/lechatquiguette.com\/?page_id=725\" data-type=\"page\" data-id=\"725\">L&rsquo;Odys\u00e9e de Polly<\/a> en r\u00e9sidence \u00e0 la Fabrique des Dervalli\u00e8res<\/p>\n\n\n\n<p><strong>12 juin<\/strong> : Pom&rsquo;aime #4 Le Chaudron (La Roche sur Yon)<\/p>\n\n\n\n<p><strong>8 juin<\/strong> : Petits papotages bois\u00e9ens (La D\u00e9hale, 18h30)<\/p>\n\n\n\n<p><strong>1er juin<\/strong> : Petits papotages bois\u00e9ens (La Claveli\u00e8re, 15h30)<\/p>\n\n\n\n<p><strong>30 mai<\/strong> : Petits papotages bois\u00e9ens (Mairie de Saint Jean de Boiseau, 17h30)<\/p>\n\n\n\n<p><strong>10 et 17 avril<\/strong> : Pom&rsquo;aime #4 Le Chaudron (La Roche sur Yon)<\/p>\n\n\n\n<p><strong>17 et 24 janvier<\/strong> : Pom&rsquo;aime #4 Le Chaudron (La Roche sur Yon)<\/p>\n\n\n\n<p class=\"has-text-align-center\"><strong>2023<\/strong><\/p>\n\n\n\n<p><strong>7 d\u00e9cembre<\/strong> : Promenade \u00e0 Montmartre \/ <a href=\"https:\/\/lechatquiguette.com\/?page_id=378\">Chansons Culott\u00e9es<\/a> au Mus\u00e9e des Arts (Nantes)<\/p>\n\n\n\n<p><strong>29 novembre<\/strong> : Pom&rsquo;aime #4 Le Chaudron (La Roche sur Yon)<\/p>\n\n\n\n<p><strong>19 novembre<\/strong> : <a href=\"https:\/\/lechatquiguette.com\/?page_id=31\">La Terre est bleue comme une carotte<\/a> (Saint Etienne de Montluc)<\/p>\n\n\n\n<p><strong>20 octobre<\/strong> : <a href=\"https:\/\/lechatquiguette.com\/?page_id=378\">Chansons Culott\u00e9es<\/a> La Motte aux cochons (Saint-Hilaire-de-Chal\u00e9on)<\/p>\n\n\n\n<p><strong>20 et 27 septembre<\/strong> : Pom&rsquo;aime #4 Le Chaudron (La Roche sur Yon)<\/p>\n\n\n\n<p><strong>30 juin, 1er et 2 juillet<\/strong> : Le chien du roi (Saint Jean de Boiseau, Salle des Pierres Blanches)<\/p>\n\n\n\n<p><strong>27 juin<\/strong> : Le Proc\u00e8s de l&rsquo;ouest (Saint Jean de Boiseau, Salle des Pierres Blanches) avec les \u00e9l\u00e8ves de l&rsquo;\u00e9cole R. Badinter<\/p>\n\n\n\n<p><strong>23 juin<\/strong> : <a href=\"https:\/\/lechatquiguette.com\/?page_id=378\">Chansons Culott\u00e9es<\/a> (Bouguenais, L&rsquo;atypique guinguette)<\/p>\n\n\n\n<p><strong>14 juin<\/strong> : <a href=\"https:\/\/lechatquiguette.com\/?page_id=375\">Popom&rsquo;aime #1 Les saisons<\/a> (La Roche sur Yon)<\/p>\n\n\n\n<p><strong>2 et 3 juin<\/strong> : La Chaise et le Chaudron (La montagne, Semaine des arts, en partenariat avec Accordances)<\/p>\n\n\n\n<p><strong>30 mai<\/strong> : Cendrillon (Nantes, Lyc\u00e9e de La Perverie)<\/p>\n\n\n\n<p><strong>23 mai<\/strong> : Lettres d&rsquo;amour (Saint Jean de Boiseau, Salle des Pierres Blanches, avec les \u00e9l\u00e8ves du coll\u00e8ge St Exupery)<\/p>\n\n\n\n<p><strong>5 avril<\/strong> : <a href=\"https:\/\/lechatquiguette.com\/?page_id=375\">Popom&rsquo;aime #1 Les saisons<\/a> (La Roche sur Yon)<\/p>\n\n\n\n<p><strong>3 f\u00e9vrier<\/strong> : <a href=\"https:\/\/lechatquiguette.com\/?page_id=378\">Chansons Culott\u00e9es<\/a> (La Montagne, Salle Camille Landreau)<\/p>\n\n\n\n<p><strong>25 janvier<\/strong> : <a href=\"https:\/\/lechatquiguette.com\/?page_id=375\">Popom&rsquo;aime #1 Les saisons<\/a> (La Roche sur Yon)<\/p>\n\n\n\n<p><strong>20 janvier<\/strong> : <a href=\"https:\/\/lechatquiguette.com\/?page_id=378\">Chansons Culott\u00e9es<\/a> (Saint Nazaire, La p&rsquo;tite sc\u00e8ne)<\/p>\n\n\n\n<p><strong>18 janvier<\/strong> : <a href=\"https:\/\/lechatquiguette.com\/?page_id=375\">Popom&rsquo;aime #1 Les saisons<\/a> (La Roche sur Yon)<\/p>\n\n\n\n<p><strong>13 janvier<\/strong> : <a href=\"https:\/\/lechatquiguette.com\/?page_id=378\">Chansons Culott\u00e9es<\/a> (Nantes, Le Dix)<\/p>\n\n\n\n<p class=\"has-text-align-center\"><strong>2022<\/strong><\/p>\n\n\n\n<p><strong>7 d\u00e9cembre<\/strong> : <a href=\"https:\/\/lechatquiguette.com\/?page_id=375\">Popom&rsquo;aime #1 Les saisons<\/a> (La Roche sur Yon)<\/p>\n\n\n\n<p><strong>30 novembre<\/strong> : <a href=\"https:\/\/lechatquiguette.com\/?page_id=375\">Popom&rsquo;aime #1 Les saisons<\/a> (La Roche sur Yon)<\/p>\n\n\n\n<p><strong>5 octobre<\/strong> : <a href=\"https:\/\/lechatquiguette.com\/?page_id=375\">Popom&rsquo;aime #1 Les saisons<\/a> (La Roche sur Yon)<\/p>\n\n\n\n<p><strong>28 septembre<\/strong> : <a href=\"https:\/\/lechatquiguette.com\/?page_id=375\">Popom&rsquo;aime #1 Les saisons<\/a> (La Roche sur Yon)<\/p>\n\n\n\n<p><strong>1, 2 et 3 juillet <\/strong>: Les Vilains (Saint Jean de Boiseau, Salle des Pierres Blanches)<\/p>\n\n\n\n<p><strong>8 juin<\/strong> : <a href=\"https:\/\/lechatquiguette.com\/?page_id=375\">Popom&rsquo;aime #3 Voyage en po\u00e9sie<\/a> (La Roche sur Yon)<\/p>\n\n\n\n<p><strong>31 mai<\/strong> : Regarde les lumi\u00e8res mon amour (Festival de la Gobini\u00e8re)<\/p>\n\n\n\n<p><strong>17 mai<\/strong> : Le souffle (Onyx, festival des indisciplin\u00e9s)<\/p>\n\n\n\n<p><strong>14 et 15 mai<\/strong> : La promenade (La montagne, Semaine des arts en partenariat avec Accordances)<\/p>\n\n\n\n<p><strong>30 avril<\/strong> : <a href=\"https:\/\/lechatquiguette.com\/?page_id=59\">Licemone<\/a> (Saint Jean de Boiseau, festival Big boiseau)<\/p>\n\n\n\n<p><strong>1er avril<\/strong> : Les Vilaines (Ecole de Sainte Pazanne)<\/p>\n\n\n\n<p><strong>23 mars<\/strong> : <a href=\"https:\/\/lechatquiguette.com\/?page_id=375\">Popom&rsquo;aime #3 Voyage en po\u00e9sie<\/a> (La Roche sur Yon)<\/p>\n\n\n\n<p><strong>26 janvier<\/strong> : <a href=\"https:\/\/lechatquiguette.com\/?page_id=375\">Popom&rsquo;aime #3 Voyage en po\u00e9sie<\/a> (La Roche sur Yon)<\/p>\n\n\n\n<p><strong>21 janvier<\/strong> : <a href=\"https:\/\/lechatquiguette.com\/?page_id=378\">Chansons Culott\u00e9es<\/a> (Saint Jean de Boiseau, salle des Pierres Blanches)<\/p>\n\n\n<p style=\"text-align: center;\"><strong>2021<\/strong><\/p>\n<p><strong>16, 17, 18 d\u00e9cembre<\/strong> : <a href=\"https:\/\/lechatquiguette.com\/?page_id=378\">Chansons Culott\u00e9es<\/a> (Nantes, TNT)<\/p>\n<p><strong>8 d\u00e9cembre<\/strong> : <a href=\"https:\/\/lechatquiguette.com\/?page_id=375\">Popom&rsquo;aime #3 Voyage en po\u00e9sie<\/a><\/p>\n<p><strong>13 octobre<\/strong> : <a href=\"https:\/\/lechatquiguette.com\/?page_id=375\">Popom&rsquo;aime #3 Voyage en po\u00e9sie<\/a><\/p>\n<p><strong>29 septembre<\/strong> : <a href=\"https:\/\/lechatquiguette.com\/?page_id=375\">Popom&rsquo;aime #3 Voyage en po\u00e9sie<\/a><\/p>\n<p><strong>15 septembre<\/strong> : <a href=\"https:\/\/lechatquiguette.com\/?page_id=375\">Popom&rsquo;aime #3 Voyage en po\u00e9sie<\/a><\/p>\n<p><strong>2 et 3 juillet<\/strong> : Rencontres<\/p>\n<p><strong>12 juin<\/strong> :\u00a0<a href=\"https:\/\/lechatquiguette.com\/?page_id=375\">Popom&rsquo;aime #3 Voyage en po\u00e9sie<\/a><\/p>\n<p><strong>19 mai<\/strong> :\u00a0<a href=\"https:\/\/lechatquiguette.com\/?page_id=375\">Popom&rsquo;aime #3 Voyage en po\u00e9sie<\/a><\/p>\n<p><strong>17 mars<\/strong> :\u00a0<a href=\"https:\/\/lechatquiguette.com\/?page_id=375\">Popom&rsquo;aime #3 Voyage en po\u00e9sie<\/a><\/p>\n<p><strong>27 janvier<\/strong> : <a href=\"https:\/\/lechatquiguette.com\/?page_id=375\">Popom&rsquo;aime #3 Voyage en po\u00e9sie<\/a><\/p>\n<p><del><strong>22 janvier<\/strong> : <a href=\"https:\/\/lechatquiguette.com\/?page_id=378\">Chansons Culott\u00e9es<\/a> (Saint Jean de Boiseau, Salle Festive)<\/del><\/p>\n<p><strong>20 janvier<\/strong> : <a href=\"https:\/\/lechatquiguette.com\/?page_id=375\">Popom&rsquo;aime #3 Voyage en po\u00e9sie<\/a><\/p>\n<p style=\"text-align: center;\"><strong>2020<\/strong><\/p>\n<p><strong>9 d\u00e9cembre<\/strong> : <a href=\"https:\/\/lechatquiguette.com\/?page_id=375\">Popom&rsquo;aime #2 Les \u00e9motions<\/a> (La Roche sur Yon, dans le cadre des Petits Mercredis)<\/p>\n<p><strong>30 septembre<\/strong> : <a href=\"https:\/\/lechatquiguette.com\/?page_id=375\">Popom&rsquo;aime #1 Les saisons<\/a> (La Roche sur Yon, dans le cadre des Petits Mercredis)<\/p>\n<p><strong>23 septembre<\/strong> : <a href=\"https:\/\/lechatquiguette.com\/?page_id=375\">Popom&rsquo;aime #1 Les saisons<\/a> (La Roche sur Yon, dans le cadre des Petits Mercredis)<\/p>\n<p><strong>23 juillet<\/strong> : <a href=\"https:\/\/lechatquiguette.com\/?page_id=31\">La Terre est bleue comme une carotte<\/a> (La Plaine sur mer)<\/p>\n<p><strong>3 juin<\/strong> : <a href=\"https:\/\/lechatquiguette.com\/?page_id=375\">Popom&rsquo;aime #2 Les \u00e9motions<\/a> (La Roche sur Yon, dans le cadre des Petits Mercredis)<\/p>\n<p><strong>27 mai<\/strong> : <a href=\"https:\/\/lechatquiguette.com\/?page_id=375\">Popom&rsquo;aime #2 Les \u00e9motions<\/a> (La Roche sur Yon, dans le cadre des Petits Mercredis)<\/p>\n<p><strong>16 mai<\/strong> : <a href=\"https:\/\/lechatquiguette.com\/?page_id=378\">Chansons Culott\u00e9es<\/a> (Saint Jean de Boiseau, Le 17)<\/p>\n<p><strong>6 mai<\/strong> : <a href=\"https:\/\/lechatquiguette.com\/?page_id=375\">Popom&rsquo;aime #2 Les \u00e9motions<\/a> (La Roche sur Yon, dans le cadre des Petits Mercredis)<\/p>\n<p><strong>5 avril<\/strong> : <a href=\"https:\/\/lechatquiguette.com\/?page_id=375\">Popom&rsquo;aime #1 Les saisons<\/a> (Saint Jean de Boiseau, Le 17)<\/p>\n<p><strong>1er avril<\/strong> : <a href=\"https:\/\/lechatquiguette.com\/?page_id=375\">Popom&rsquo;aime #2 Les \u00e9motions<\/a> (La Roche sur Yon, dans le cadre des Petits Mercredis)<\/p>\n<p><strong>25 mars<\/strong> : <a href=\"https:\/\/lechatquiguette.com\/?page_id=375\">Popom&rsquo;aime #2 Les \u00e9motions<\/a> (La Roche sur Yon, dans le cadre des Petits Mercredis)<\/p>\n<p><strong>19 et 20 mars<\/strong> : <a href=\"https:\/\/lechatquiguette.com\/?page_id=378\">Chansons Culott\u00e9es<\/a> (Rez\u00e9, dans le cadre du festival \u00ab\u00a0Hors-lits\u00a0\u00bb, Cit\u00e9 Radieuse)<\/p>\n<p><strong>11 mars<\/strong> : <a href=\"https:\/\/lechatquiguette.com\/?page_id=375\">Popom&rsquo;aime #2 Les \u00e9motions<\/a> (La Roche sur Yon, dans le cadre des Petits Mercredis)<\/p>\n<p><strong>5 f\u00e9vrier<\/strong> : <a href=\"https:\/\/lechatquiguette.com\/?page_id=375\">Popom&rsquo;aime #2 Les \u00e9motions<\/a> (La Roche sur Yon, dans le cadre des Petits Mercredis)<\/p>\n<p style=\"text-align: left;\"><strong>2 f\u00e9vrier<\/strong> : <a href=\"https:\/\/lechatquiguette.com\/?page_id=375\">Popom&rsquo;aime #1 Les saisons<\/a> (Saint Jean de Boiseau, Le 17)<\/p>\n<p><strong>29 janvier<\/strong> : <a href=\"https:\/\/lechatquiguette.com\/?page_id=375\">Popom&rsquo;aime #2 Les \u00e9motions<\/a> (La Roche sur Yon, dans le cadre des Petits Mercredis)<\/p>\n<p><strong>22 janvier<\/strong> : <a href=\"https:\/\/lechatquiguette.com\/?page_id=375\">Popom&rsquo;aime #2 Les \u00e9motions<\/a> (La Roche sur Yon, dans le cadre des Petits Mercredis)<\/p>\n<p style=\"text-align: center;\"><strong>2019<\/strong><\/p>\n<p><strong>4 d\u00e9cembre<\/strong> : <a href=\"https:\/\/lechatquiguette.com\/?page_id=375\">Popom&rsquo;aime #1 Les saisons<\/a> (Saint Jean de Boiseau, Oeuf de la m\u00e9diath\u00e8que, 11h)<\/p>\n<p><strong>19 novembre<\/strong> : <a href=\"https:\/\/lechatquiguette.com\/?page_id=31\">La Terre est bleue comme une carotte<\/a>\u00a0 (Brains, 11h)<\/p>\n<p><strong>17 novembre<\/strong> : <a href=\"https:\/\/lechatquiguette.com\/?page_id=378\">Chansons Culott\u00e9es<\/a> (Saint Jean de Boiseau, Salle Festive, 16h)<\/p>\n<p><strong>2 octobre<\/strong> : <a href=\"https:\/\/lechatquiguette.com\/?page_id=59\">Lic\u00e9mone<\/a> (La Roche sur Yon, 10h)<\/p>\n<p><strong>9 octobre<\/strong> : <a href=\"https:\/\/lechatquiguette.com\/?page_id=59\">Lic\u00e9mone<\/a> (La Roche sur Yon, 10h)<\/p>\n<p><strong>3 mai<\/strong> :\u00a0<a href=\"https:\/\/lechatquiguette.com\/?page_id=114\">Bathroom Feydeau<\/a> (C\u0153ur en sc\u00e8ne, Rouans)<\/p>\n<p><strong>9 f\u00e9vrier<\/strong> :\u00a0<a href=\"https:\/\/lechatquiguette.com\/?page_id=114\">Bathroom Feydeau<\/a> (Pont Saint Martin)<\/p>\n<hr \/>\n<p style=\"text-align: center;\"><strong>2018<\/strong><\/p>\n<p><strong>2 d\u00e9cembre<\/strong> :\u00a0<a href=\"https:\/\/lechatquiguette.com\/?page_id=31\">La Terre est bleue comme une carotte<\/a> (Espace La Morvandi\u00e8re, Thouar\u00e9 sur Loire, 10h30)<\/p>\n<p><strong>20 juin<\/strong> :\u00a0<a href=\"https:\/\/lechatquiguette.com\/?page_id=169\">Les trois caramels capitaux<\/a> (Th\u00e9\u00e2tre de Saint-Mars-de-Coutais, 10h30)<\/p>\n<p><strong>13 juin<\/strong> :\u00a0<a href=\"https:\/\/lechatquiguette.com\/?page_id=114\">Bathroom Feydeau<\/a> (Th\u00e9\u00e2tre de Saint-Mars-de-Coutais, 20h)<\/p>\n<p><strong>6 avril<\/strong> :\u00a0<a href=\"https:\/\/lechatquiguette.com\/?page_id=31\">La Terre est bleue comme une carotte<\/a> (M\u00e9diath\u00e8que Alienor, Talmont-Saint-Hilaire, 20h)<\/p>\n<p><strong>23 mars<\/strong> :\u00a0<a href=\"https:\/\/lechatquiguette.com\/?page_id=114\">Bathroom Feydeau<\/a> (Salle des f\u00eates, Saint-Jean-de-Boiseau, 20h30)<\/p>\n<p><strong>25 janvier<\/strong> : <a href=\"https:\/\/lechatquiguette.com\/?page_id=31\">La Terre est bleue comme une carotte<\/a> (Grosbreuil)<\/p>\n<hr \/>\n<p style=\"text-align: center;\"><strong>2017<\/strong><\/p>\n<p style=\"text-align: left;\"><strong>22 d\u00e9cembre <\/strong>: <a href=\"https:\/\/lechatquiguette.com\/?page_id=31\">La Terre est bleue comme une carotte<\/a> (Th\u00e9\u00e2tre, Teill\u00e9, 9h30 et 14h)<\/p>\n<p style=\"text-align: left;\"><strong>17 d\u00e9cembre<\/strong> : <a href=\"https:\/\/lechatquiguette.com\/?page_id=114\">Bathroom Feydeau<\/a> (Salle Vasse, 15h)<\/p>\n<p style=\"text-align: left;\"><strong>16 d\u00e9cembre<\/strong> : <a href=\"https:\/\/lechatquiguette.com\/?page_id=114\">Bathroom Feydeau<\/a> (Salle Vasse, 20h30)<\/p>\n<p style=\"text-align: left;\"><strong>24 octobre<\/strong> : <a href=\"https:\/\/lechatquiguette.com\/?page_id=169\">Les trois caramels capitaux<\/a> (Salle Vasse, 10h30 et 15h)<\/p>\n<p style=\"text-align: left;\"><strong>20 octobre<\/strong> : <a href=\"https:\/\/lechatquiguette.com\/?page_id=31\">La Terre est bleue comme une carotte<\/a> (Th\u00e9\u00e2tre Jean-Baptiste, Chaill\u00e9-les-marais, 9h30 10h45 et 18h30)<\/p>\n<p style=\"text-align: left;\"><strong>19 octobre<\/strong> : <a href=\"https:\/\/lechatquiguette.com\/?page_id=31\">La Terre est bleue comme une carotte<\/a> (Th\u00e9\u00e2tre Jean-Baptiste, Chaill\u00e9-les-marais, 9h30 10h45 et 14h30)<\/p>\n<p style=\"text-align: left;\"><strong>29 septembre<\/strong> : <a href=\"https:\/\/lechatquiguette.com\/?page_id=114\">Bathroom Feydeau<\/a> (Le Carr\u00e9 des arts, Pellouailles-les-Vignes)<\/p>\n<p style=\"text-align: left;\"><strong>30 et 31 mai<\/strong> : <a href=\"https:\/\/lechatquiguette.com\/?page_id=169\">Les trois caramels capitaux<\/a> (Conservatoire Tyndo, Thouars, 10h et 17h)<\/p>\n<p style=\"text-align: left;\"><strong>27 et 28 avril<\/strong> : <a href=\"https:\/\/lechatquiguette.com\/?page_id=31\">La Terre est bleue comme une carotte<\/a> (Salle Othello, Mareuil-sur-Laye-Dissais)<\/p>\n<p style=\"text-align: left;\"><strong>1er mars <\/strong>: <a href=\"https:\/\/lechatquiguette.com\/?page_id=31\">La Terre est bleue comme une carotte<\/a> (Biblioth\u00e8que Clara Malraux, Montreuil Juign\u00e9, 16h)<\/p>\n<p style=\"text-align: left;\"><strong>11 f\u00e9vrier<\/strong> : <a href=\"https:\/\/lechatquiguette.com\/?page_id=31\">La Terre est Bleue comme un carotte<\/a> (Salle des f\u00eates de Saint Jean de Boiseau, 15h)<\/p>\n<p style=\"text-align: left;\"><strong>8 f\u00e9vrier<\/strong> : <a href=\"https:\/\/lechatquiguette.com\/?page_id=59\">Lic\u00e9mone ou la maison qui chante<\/a> (M\u00e9diath\u00e8que Luce Courville, Nantes, 16h)<\/p>\n<p style=\"text-align: left;\"><strong>6 f\u00e9vrier<\/strong> : <a href=\"https:\/\/lechatquiguette.com\/?page_id=59\">Lic\u00e9mone ou la maison qui chante<\/a> (Ecole publique de Beaucouze)<\/p>\n<p style=\"text-align: left;\"><strong>16 et 17 janvier<\/strong> : <a href=\"https:\/\/lechatquiguette.com\/?page_id=2\">Zarbouig et Palapuka<\/a> (Salle Vasse, rue Colbert, Nantes, le 16 \u00e0 14h30, le 17 \u00e0 10h et 14h30)<\/p>\n<hr \/>\n<p style=\"text-align: center;\"><strong>2016<\/strong><\/p>\n<p style=\"text-align: left;\"><strong>13 et 14 d\u00e9cembre<\/strong> : <a href=\"https:\/\/lechatquiguette.com\/?page_id=114\">Bathroom Feydeau<\/a> (Salle Vasse, rue Colbert, Nantes, 20h30)<\/p>\n<p style=\"text-align: left;\"><strong>1er juillet<\/strong> : Fous Couples et autres Folies (Salle Vasse, rue Colbert, Nantes, 20h)<\/p>\n<p style=\"text-align: left;\"><strong>29 juin<\/strong> : Fous Couples et autres Folies (Salle des f\u00eates de Saint-Jean de Boiseau, 19h)<\/p>\n<p style=\"text-align: left;\"><strong>1er juin<\/strong> : <a href=\"https:\/\/lechatquiguette.com\/?page_id=31\">La Terre est bleue comme une carotte<\/a> (Saint-Etienne de Montluc, salle de loisirs)<\/p>\n<p style=\"text-align: left;\"><strong>17 mai<\/strong> : <a href=\"https:\/\/lechatquiguette.com\/?page_id=31\">La Terre est bleue comme une carotte<\/a> (Hillion, espace Palante)<\/p>\n<p style=\"text-align: left;\"><strong>du 4 au 15 avril<\/strong> : <a href=\"https:\/\/lechatquiguette.com\/?page_id=2\">Zarbouig et Palapuka<\/a> (Nantes, Caf\u00e9 Th\u00e9\u00e2tre)<\/p>\n<p style=\"text-align: left;\"><strong>6 f\u00e9vrier<\/strong> : <a href=\"https:\/\/lechatquiguette.com\/?page_id=31\">La Terre est bleue comme une carotte<\/a> (Saint-Jean de Boiseau, salle des f\u00eates)<\/p>\n<hr \/>\n<p style=\"text-align: center;\"><strong>2015<\/strong><\/p>\n<p style=\"text-align: left;\"><strong>27 et 28 septembre<\/strong> : <a href=\"https:\/\/lechatquiguette.com\/?page_id=2\">Zarbouig et Palapuka<\/a> (Nantes, salle Vasse)<\/p>\n<p style=\"text-align: left;\"><strong>5 juin<\/strong> : <a href=\"https:\/\/lechatquiguette.com\/?page_id=59\">Lic\u00e9mone ou la maison qui chante<\/a> (Montreuil-Juign\u00e9, m\u00e9diath\u00e8que)<\/p>\n<p style=\"text-align: left;\"><strong>24 et 25 f\u00e9vrier<\/strong> : <a href=\"https:\/\/lechatquiguette.com\/?page_id=2\">Zarbouig et Palapuka<\/a> (Nantes, salle Vasse)<\/p>\n<p style=\"text-align: left;\"><strong>8 janvier<\/strong> : <a href=\"https:\/\/lechatquiguette.com\/?page_id=31\">La Terre est bleue comme une carotte<\/a> (Doulon, Maison de quartier)<\/p>\n<hr \/>\n<p style=\"text-align: center;\"><strong>2014<\/strong><\/p>\n<p><strong>19 et 20 d\u00e9cembre<\/strong> : <a href=\"https:\/\/lechatquiguette.com\/?page_id=31\">La Terre est bleue comme une carotte<\/a> (Les Sorini\u00e8res, Salle Hippolyte-Derouet)<\/p>\n<p><strong>2 d\u00e9cembre<\/strong> : <a href=\"https:\/\/lechatquiguette.com\/?page_id=31\">La Terre est bleue comme une carotte<\/a> (Nantes, Salle Vasse, 9h30 et 11h)<\/p>\n<p><strong>1er d\u00e9cembre<\/strong> : <a href=\"https:\/\/lechatquiguette.com\/?page_id=31\">La Terre est bleue comme une carotte<\/a> (Nantes, Salle Vasse, 14h30)<\/p>\n<p><strong>28 septembre<\/strong> : <a href=\"https:\/\/lechatquiguette.com\/?page_id=59\">Lic\u00e9mone ou la Maison qui Chante<\/a> (Cournon-d&rsquo;Auvergne, La Coloc&rsquo;, 19h)<\/p>\n<p><strong>9 mai<\/strong> : <a href=\"https:\/\/lechatquiguette.com\/?page_id=31\">La Terre est bleue comme une carotte<\/a> (Pornichet, Le Bois Joli, 15h30)<\/p>\n<p><strong>28 avril<\/strong> : <a href=\"https:\/\/lechatquiguette.com\/?page_id=31\">La Terre est bleue comme une carotte<\/a> (La Chapelle-Basse-Mer, Bilblioth\u00e8que, 15h)<\/p>\n<p><strong>15 avril<\/strong> : <a href=\"https:\/\/lechatquiguette.com\/?page_id=31\">La Terre est bleue comme une carotte<\/a> (Saint-Gilles-Croix-de-Vie, la Conserverie, 9h30 et 10h45)<\/p>\n<hr \/>\n<p style=\"text-align: center;\"><strong>2013<\/strong><\/p>\n<p><strong>22 et 23 octobre<\/strong> : <a href=\"https:\/\/lechatquiguette.com\/?page_id=31\">La Terre est bleue comme une carotte<\/a> (Nantes, Salle Vasse, 10h30 et 15h)<\/p>\n<p><strong>9 octobre<\/strong> : <a href=\"https:\/\/lechatquiguette.com\/?page_id=59\">Lic\u00e9mone ou la Maison qui Chante<\/a> (Saint-S\u00e9bastien sur Loire, M\u00e9diath\u00e8que Yves Laurent, 11h, 14h30 et 16h)<\/p>\n<p><strong>3 et 17 avril<\/strong> : <a href=\"https:\/\/lechatquiguette.com\/?page_id=59\">Lic\u00e9mone ou la Maison qui Chante<\/a> (Nantes, TNT, 15h)<\/p>\n<p><strong>23 mars<\/strong> : <a href=\"https:\/\/lechatquiguette.com\/?page_id=59\">Lic\u00e9mone ou la Maison qui Chante<\/a> (Vigneux de Bretagne, 19h)<\/p>\n<p><strong>13, 20 et 27 mars<\/strong> : <a href=\"https:\/\/lechatquiguette.com\/?page_id=59\">Lic\u00e9mone ou la Maison qui Chante<\/a> (Nantes, TNT, 15h)<\/p>\n<p><strong>14 f\u00e9vrier<\/strong> : <a href=\"https:\/\/lechatquiguette.com\/?page_id=61\">Je m&rsquo;appelle Erik Satie comme tout le monde<\/a> (Nantes, Salle Vasse, 14h30 et 20h30)<\/p>\n<p><strong>11 et 12 janvier<\/strong> : <a href=\"https:\/\/lechatquiguette.com\/?page_id=61\">Je m&rsquo;appelle Erik Satie comme tout le monde<\/a> (Ch\u00e9m\u00e9r\u00e9)<\/p>\n<hr \/>\n<p style=\"text-align: center;\"><strong>2012<\/strong><\/p>\n<p><strong>du 18 au 23 d\u00e9cembre<\/strong> : <a href=\"https:\/\/lechatquiguette.com\/?page_id=59\">Lic\u00e9mone, ou la Maison qui Chante<\/a> (Angers, Champ de Bataille, mardi : 10h30\/14h30, mercredi : 10h30\/16h30, jeudi : 10h30\/15h30, vendredi : 10h30\/14h30, samedi et dimanche : 16h30)<\/p>\n<p><strong>11 d\u00e9cembre<\/strong> : <a href=\"https:\/\/lechatquiguette.com\/?page_id=59\">Lic\u00e9mone, ou la Maison qui Chante<\/a> (Saint-Etienne de Montluc, \u00e0 9h30 et 10h45)<\/p>\n<p><strong>du 8 au 30 novembre<\/strong> : <a href=\"https:\/\/lechatquiguette.com\/?page_id=57\">Kahlo, Viva la Vida<\/a> (Nantes, TNT, les jeudi, vendredi et samedi \u00e0 19h)<\/p>\n<p><strong>31 octobre<\/strong> : <a href=\"https:\/\/lechatquiguette.com\/?page_id=59\">Lic\u00e9mone, ou la Maison qui Chante<\/a> (Villemoisan, L&rsquo;\u00e9chap\u00e9e Belle, \u00e0 11h et 15h)<\/p>\n<p><strong>22 septembre<\/strong> : Narcisse &amp; Echo (Nantes, Pont de la Torti\u00e8re, \u00e0 20h et 22h)<\/p>\n\n\n<p><\/p>\n","protected":false},"excerpt":{"rendered":"<p>2025 28 f\u00e9vrier : L&rsquo;Odyss\u00e9e de Polly (Saint Jean de Boiseau, Salle des Pierres Blanches) 19 f\u00e9vrier : L&rsquo;Odyss\u00e9e de<\/p>\n","protected":false},"author":1,"featured_media":0,"parent":0,"menu_order":0,"comment_status":"closed","ping_status":"closed","template":"","meta":[],"_links":{"self":[{"href":"https:\/\/lechatquiguette.com\/index.php?rest_route=\/wp\/v2\/pages\/46"}],"collection":[{"href":"https:\/\/lechatquiguette.com\/index.php?rest_route=\/wp\/v2\/pages"}],"about":[{"href":"https:\/\/lechatquiguette.com\/index.php?rest_route=\/wp\/v2\/types\/page"}],"author":[{"embeddable":true,"href":"https:\/\/lechatquiguette.com\/index.php?rest_route=\/wp\/v2\/users\/1"}],"replies":[{"embeddable":true,"href":"https:\/\/lechatquiguette.com\/index.php?rest_route=%2Fwp%2Fv2%2Fcomments&post=46"}],"version-history":[{"count":36,"href":"https:\/\/lechatquiguette.com\/index.php?rest_route=\/wp\/v2\/pages\/46\/revisions"}],"predecessor-version":[{"id":740,"href":"https:\/\/lechatquiguette.com\/index.php?rest_route=\/wp\/v2\/pages\/46\/revisions\/740"}],"wp:attachment":[{"href":"https:\/\/lechatquiguette.com\/index.php?rest_route=%2Fwp%2Fv2%2Fmedia&parent=46"}],"curies":[{"name":"wp","href":"https:\/\/api.w.org\/{rel}","templated":true}]}}