{"id":57,"date":"2016-06-01T20:29:17","date_gmt":"2016-06-01T20:29:17","guid":{"rendered":"http:\/\/lechatquiguette.com\/?page_id=57"},"modified":"2020-02-17T17:24:24","modified_gmt":"2020-02-17T16:24:24","slug":"frida","status":"publish","type":"page","link":"https:\/\/lechatquiguette.com\/?page_id=57","title":{"rendered":"Kahlo, viva la vida"},"content":{"rendered":"<p><img decoding=\"async\" loading=\"lazy\" class=\"alignnone size-full wp-image-509\" src=\"https:\/\/lechatquiguette.com\/wp-content\/uploads\/2020\/02\/flyer_VivalaVida_recto.jpg\" alt=\"\" width=\"591\" height=\"887\" srcset=\"https:\/\/lechatquiguette.com\/wp-content\/uploads\/2020\/02\/flyer_VivalaVida_recto.jpg 591w, https:\/\/lechatquiguette.com\/wp-content\/uploads\/2020\/02\/flyer_VivalaVida_recto-200x300.jpg 200w\" sizes=\"(max-width: 591px) 100vw, 591px\" \/><\/p>\n<hr \/>\n<p>De Humberto ROBLES<br \/>Monologue adapt\u00e9 pour deux Fridas<\/p>\n<p>Le monologue prend ancrage le soir de la f\u00eate des morts, dans la cuisine de la Casa Azul maison o\u00f9 Frida Kahlo naquit et mourut. Elle est seule chez elle, elle attend ses invit\u00e9s \u00ab\u00a0les morts comme les vivants\u00a0\u00bb&#8230;<br \/>Le temps d&rsquo;une soir\u00e9e, le temps de revisiter sa volont\u00e9 farouche de vivre, sont rapport \u00e0 la mort, \u00e0 l&rsquo;amour, \u00e0 la cr\u00e9ation.<\/p>\n<p>Frida Kahlo est, sans doute, l&rsquo;artiste mexicaine la plus connue dans le monde. Elle est devenue un personnage mythique qui symbolise, tant au travers de son art que de sa vie ; v\u00e9cus en dehors de toute limite et de tout conformisme, marq\u00e9s par la souffrance, la passion, la cr\u00e9ation, la lutte et l&rsquo;engagement, toute une r\u00e9alit\u00e9 du pass\u00e9 et du pr\u00e9sent de la culture et du patrimoine mexicain.<\/p>\n<p>Interpr\u00e9tation : Julia Lemaire et Raquel Uriostegui<br \/>Traduction : Mathieu Marchetti et Raquel Uriostegui<br \/>Mise en sc\u00e8ne : C\u00e9line Grolleau, Raquel Uriostegui, et Julia Lemaire<br \/>Costumes : Pascale B\u00e9r\u00e9ni \/ RE-act<br \/>Accessoires : D\u00e9bora Arjona \/ En Las Nubes et Raquel Uriostegui<br \/>Identit\u00e9 visuelle : Laura Coriou &#8211; Photo affiche : Andr\u00e9s Castro<br \/>Direction artistique : Raquel Uriostegui<br \/>Scenographie : Pierre Le Bot et Patrick Homerin<\/p>\n\n\n<figure class=\"wp-block-gallery columns-3 is-cropped wp-block-gallery-1 is-layout-flex\"><ul class=\"blocks-gallery-grid\"><li class=\"blocks-gallery-item\"><figure><img decoding=\"async\" loading=\"lazy\" width=\"682\" height=\"1024\" src=\"https:\/\/lechatquiguette.com\/wp-content\/uploads\/2020\/02\/MG_9598-682x1024.jpg\" alt=\"\" data-id=\"508\" data-full-url=\"https:\/\/lechatquiguette.com\/wp-content\/uploads\/2020\/02\/MG_9598.jpg\" data-link=\"https:\/\/lechatquiguette.com\/?attachment_id=508\" class=\"wp-image-508\" srcset=\"https:\/\/lechatquiguette.com\/wp-content\/uploads\/2020\/02\/MG_9598-682x1024.jpg 682w, https:\/\/lechatquiguette.com\/wp-content\/uploads\/2020\/02\/MG_9598-200x300.jpg 200w, https:\/\/lechatquiguette.com\/wp-content\/uploads\/2020\/02\/MG_9598-768x1152.jpg 768w, https:\/\/lechatquiguette.com\/wp-content\/uploads\/2020\/02\/MG_9598-1024x1536.jpg 1024w, https:\/\/lechatquiguette.com\/wp-content\/uploads\/2020\/02\/MG_9598.jpg 1213w\" sizes=\"(max-width: 682px) 100vw, 682px\" \/><\/figure><\/li><li class=\"blocks-gallery-item\"><figure><img decoding=\"async\" loading=\"lazy\" width=\"682\" height=\"1024\" src=\"https:\/\/lechatquiguette.com\/wp-content\/uploads\/2020\/02\/MG_9610-682x1024.jpg\" alt=\"\" data-id=\"507\" data-full-url=\"https:\/\/lechatquiguette.com\/wp-content\/uploads\/2020\/02\/MG_9610.jpg\" data-link=\"https:\/\/lechatquiguette.com\/?attachment_id=507\" class=\"wp-image-507\" srcset=\"https:\/\/lechatquiguette.com\/wp-content\/uploads\/2020\/02\/MG_9610-682x1024.jpg 682w, https:\/\/lechatquiguette.com\/wp-content\/uploads\/2020\/02\/MG_9610-200x300.jpg 200w, https:\/\/lechatquiguette.com\/wp-content\/uploads\/2020\/02\/MG_9610-768x1152.jpg 768w, https:\/\/lechatquiguette.com\/wp-content\/uploads\/2020\/02\/MG_9610-1024x1536.jpg 1024w, https:\/\/lechatquiguette.com\/wp-content\/uploads\/2020\/02\/MG_9610.jpg 1213w\" sizes=\"(max-width: 682px) 100vw, 682px\" \/><\/figure><\/li><li class=\"blocks-gallery-item\"><figure><img decoding=\"async\" loading=\"lazy\" width=\"682\" height=\"1024\" src=\"https:\/\/lechatquiguette.com\/wp-content\/uploads\/2020\/02\/MG_9608-682x1024.jpg\" alt=\"\" data-id=\"506\" data-full-url=\"https:\/\/lechatquiguette.com\/wp-content\/uploads\/2020\/02\/MG_9608.jpg\" data-link=\"https:\/\/lechatquiguette.com\/?attachment_id=506\" class=\"wp-image-506\" srcset=\"https:\/\/lechatquiguette.com\/wp-content\/uploads\/2020\/02\/MG_9608-682x1024.jpg 682w, https:\/\/lechatquiguette.com\/wp-content\/uploads\/2020\/02\/MG_9608-200x300.jpg 200w, https:\/\/lechatquiguette.com\/wp-content\/uploads\/2020\/02\/MG_9608-768x1152.jpg 768w, https:\/\/lechatquiguette.com\/wp-content\/uploads\/2020\/02\/MG_9608-1024x1536.jpg 1024w, https:\/\/lechatquiguette.com\/wp-content\/uploads\/2020\/02\/MG_9608.jpg 1213w\" sizes=\"(max-width: 682px) 100vw, 682px\" \/><\/figure><\/li><li class=\"blocks-gallery-item\"><figure><img decoding=\"async\" loading=\"lazy\" width=\"1024\" height=\"682\" src=\"https:\/\/lechatquiguette.com\/wp-content\/uploads\/2020\/02\/MG_9607-1024x682.jpg\" alt=\"\" data-id=\"505\" data-full-url=\"https:\/\/lechatquiguette.com\/wp-content\/uploads\/2020\/02\/MG_9607.jpg\" data-link=\"https:\/\/lechatquiguette.com\/?attachment_id=505\" class=\"wp-image-505\" srcset=\"https:\/\/lechatquiguette.com\/wp-content\/uploads\/2020\/02\/MG_9607-1024x682.jpg 1024w, https:\/\/lechatquiguette.com\/wp-content\/uploads\/2020\/02\/MG_9607-300x200.jpg 300w, https:\/\/lechatquiguette.com\/wp-content\/uploads\/2020\/02\/MG_9607-768x512.jpg 768w, https:\/\/lechatquiguette.com\/wp-content\/uploads\/2020\/02\/MG_9607-1536x1024.jpg 1536w, https:\/\/lechatquiguette.com\/wp-content\/uploads\/2020\/02\/MG_9607-120x80.jpg 120w, https:\/\/lechatquiguette.com\/wp-content\/uploads\/2020\/02\/MG_9607.jpg 1811w\" sizes=\"(max-width: 1024px) 100vw, 1024px\" \/><\/figure><\/li><li class=\"blocks-gallery-item\"><figure><img decoding=\"async\" loading=\"lazy\" width=\"1024\" height=\"682\" src=\"https:\/\/lechatquiguette.com\/wp-content\/uploads\/2020\/02\/MG_9605-2-1024x682.jpg\" alt=\"\" data-id=\"504\" data-full-url=\"https:\/\/lechatquiguette.com\/wp-content\/uploads\/2020\/02\/MG_9605-2.jpg\" data-link=\"https:\/\/lechatquiguette.com\/?attachment_id=504\" class=\"wp-image-504\" srcset=\"https:\/\/lechatquiguette.com\/wp-content\/uploads\/2020\/02\/MG_9605-2-1024x682.jpg 1024w, https:\/\/lechatquiguette.com\/wp-content\/uploads\/2020\/02\/MG_9605-2-300x200.jpg 300w, https:\/\/lechatquiguette.com\/wp-content\/uploads\/2020\/02\/MG_9605-2-768x512.jpg 768w, https:\/\/lechatquiguette.com\/wp-content\/uploads\/2020\/02\/MG_9605-2-1536x1024.jpg 1536w, https:\/\/lechatquiguette.com\/wp-content\/uploads\/2020\/02\/MG_9605-2-120x80.jpg 120w, https:\/\/lechatquiguette.com\/wp-content\/uploads\/2020\/02\/MG_9605-2.jpg 1820w\" sizes=\"(max-width: 1024px) 100vw, 1024px\" \/><\/figure><\/li><li class=\"blocks-gallery-item\"><figure><img decoding=\"async\" loading=\"lazy\" width=\"1024\" height=\"682\" src=\"https:\/\/lechatquiguette.com\/wp-content\/uploads\/2020\/02\/MG_9604-1024x682.jpg\" alt=\"\" data-id=\"503\" data-full-url=\"https:\/\/lechatquiguette.com\/wp-content\/uploads\/2020\/02\/MG_9604.jpg\" data-link=\"https:\/\/lechatquiguette.com\/?attachment_id=503\" class=\"wp-image-503\" srcset=\"https:\/\/lechatquiguette.com\/wp-content\/uploads\/2020\/02\/MG_9604-1024x682.jpg 1024w, https:\/\/lechatquiguette.com\/wp-content\/uploads\/2020\/02\/MG_9604-300x200.jpg 300w, https:\/\/lechatquiguette.com\/wp-content\/uploads\/2020\/02\/MG_9604-768x512.jpg 768w, https:\/\/lechatquiguette.com\/wp-content\/uploads\/2020\/02\/MG_9604-1536x1024.jpg 1536w, https:\/\/lechatquiguette.com\/wp-content\/uploads\/2020\/02\/MG_9604-120x80.jpg 120w, https:\/\/lechatquiguette.com\/wp-content\/uploads\/2020\/02\/MG_9604.jpg 1844w\" sizes=\"(max-width: 1024px) 100vw, 1024px\" \/><\/figure><\/li><li class=\"blocks-gallery-item\"><figure><img decoding=\"async\" loading=\"lazy\" width=\"621\" height=\"1024\" src=\"https:\/\/lechatquiguette.com\/wp-content\/uploads\/2020\/02\/MG_9603-621x1024.jpg\" alt=\"\" data-id=\"502\" data-full-url=\"https:\/\/lechatquiguette.com\/wp-content\/uploads\/2020\/02\/MG_9603.jpg\" data-link=\"https:\/\/lechatquiguette.com\/?attachment_id=502\" class=\"wp-image-502\" srcset=\"https:\/\/lechatquiguette.com\/wp-content\/uploads\/2020\/02\/MG_9603-621x1024.jpg 621w, https:\/\/lechatquiguette.com\/wp-content\/uploads\/2020\/02\/MG_9603-182x300.jpg 182w, https:\/\/lechatquiguette.com\/wp-content\/uploads\/2020\/02\/MG_9603-768x1266.jpg 768w, https:\/\/lechatquiguette.com\/wp-content\/uploads\/2020\/02\/MG_9603-932x1536.jpg 932w, https:\/\/lechatquiguette.com\/wp-content\/uploads\/2020\/02\/MG_9603-1242x2048.jpg 1242w, https:\/\/lechatquiguette.com\/wp-content\/uploads\/2020\/02\/MG_9603.jpg 1274w\" sizes=\"(max-width: 621px) 100vw, 621px\" \/><\/figure><\/li><li class=\"blocks-gallery-item\"><figure><img decoding=\"async\" loading=\"lazy\" width=\"1024\" height=\"682\" src=\"https:\/\/lechatquiguette.com\/wp-content\/uploads\/2020\/02\/MG_9602-1024x682.jpg\" alt=\"\" data-id=\"501\" data-full-url=\"https:\/\/lechatquiguette.com\/wp-content\/uploads\/2020\/02\/MG_9602.jpg\" data-link=\"https:\/\/lechatquiguette.com\/?attachment_id=501\" class=\"wp-image-501\" srcset=\"https:\/\/lechatquiguette.com\/wp-content\/uploads\/2020\/02\/MG_9602-1024x682.jpg 1024w, https:\/\/lechatquiguette.com\/wp-content\/uploads\/2020\/02\/MG_9602-300x200.jpg 300w, https:\/\/lechatquiguette.com\/wp-content\/uploads\/2020\/02\/MG_9602-768x512.jpg 768w, https:\/\/lechatquiguette.com\/wp-content\/uploads\/2020\/02\/MG_9602-1536x1024.jpg 1536w, https:\/\/lechatquiguette.com\/wp-content\/uploads\/2020\/02\/MG_9602-120x80.jpg 120w, https:\/\/lechatquiguette.com\/wp-content\/uploads\/2020\/02\/MG_9602.jpg 1820w\" sizes=\"(max-width: 1024px) 100vw, 1024px\" \/><\/figure><\/li><li class=\"blocks-gallery-item\"><figure><img decoding=\"async\" loading=\"lazy\" width=\"682\" height=\"1024\" src=\"https:\/\/lechatquiguette.com\/wp-content\/uploads\/2020\/02\/MG_9600-682x1024.jpg\" alt=\"\" data-id=\"499\" data-full-url=\"https:\/\/lechatquiguette.com\/wp-content\/uploads\/2020\/02\/MG_9600.jpg\" data-link=\"https:\/\/lechatquiguette.com\/?attachment_id=499\" class=\"wp-image-499\" srcset=\"https:\/\/lechatquiguette.com\/wp-content\/uploads\/2020\/02\/MG_9600-682x1024.jpg 682w, https:\/\/lechatquiguette.com\/wp-content\/uploads\/2020\/02\/MG_9600-200x300.jpg 200w, https:\/\/lechatquiguette.com\/wp-content\/uploads\/2020\/02\/MG_9600-768x1152.jpg 768w, https:\/\/lechatquiguette.com\/wp-content\/uploads\/2020\/02\/MG_9600-1024x1536.jpg 1024w, https:\/\/lechatquiguette.com\/wp-content\/uploads\/2020\/02\/MG_9600.jpg 1213w\" sizes=\"(max-width: 682px) 100vw, 682px\" \/><\/figure><\/li><li class=\"blocks-gallery-item\"><figure><img decoding=\"async\" loading=\"lazy\" width=\"1024\" height=\"682\" src=\"https:\/\/lechatquiguette.com\/wp-content\/uploads\/2020\/02\/MG_9599-1024x682.jpg\" alt=\"\" data-id=\"498\" data-full-url=\"https:\/\/lechatquiguette.com\/wp-content\/uploads\/2020\/02\/MG_9599.jpg\" data-link=\"https:\/\/lechatquiguette.com\/?attachment_id=498\" class=\"wp-image-498\" srcset=\"https:\/\/lechatquiguette.com\/wp-content\/uploads\/2020\/02\/MG_9599-1024x682.jpg 1024w, https:\/\/lechatquiguette.com\/wp-content\/uploads\/2020\/02\/MG_9599-300x200.jpg 300w, https:\/\/lechatquiguette.com\/wp-content\/uploads\/2020\/02\/MG_9599-768x512.jpg 768w, https:\/\/lechatquiguette.com\/wp-content\/uploads\/2020\/02\/MG_9599-1536x1024.jpg 1536w, https:\/\/lechatquiguette.com\/wp-content\/uploads\/2020\/02\/MG_9599-120x80.jpg 120w, https:\/\/lechatquiguette.com\/wp-content\/uploads\/2020\/02\/MG_9599.jpg 1820w\" sizes=\"(max-width: 1024px) 100vw, 1024px\" \/><\/figure><\/li><li class=\"blocks-gallery-item\"><figure><img decoding=\"async\" loading=\"lazy\" width=\"1024\" height=\"682\" src=\"https:\/\/lechatquiguette.com\/wp-content\/uploads\/2020\/02\/MG_9601-1024x682.jpg\" alt=\"\" data-id=\"500\" data-full-url=\"https:\/\/lechatquiguette.com\/wp-content\/uploads\/2020\/02\/MG_9601.jpg\" data-link=\"https:\/\/lechatquiguette.com\/?attachment_id=500\" class=\"wp-image-500\" srcset=\"https:\/\/lechatquiguette.com\/wp-content\/uploads\/2020\/02\/MG_9601-1024x682.jpg 1024w, https:\/\/lechatquiguette.com\/wp-content\/uploads\/2020\/02\/MG_9601-300x200.jpg 300w, https:\/\/lechatquiguette.com\/wp-content\/uploads\/2020\/02\/MG_9601-768x512.jpg 768w, https:\/\/lechatquiguette.com\/wp-content\/uploads\/2020\/02\/MG_9601-1536x1024.jpg 1536w, https:\/\/lechatquiguette.com\/wp-content\/uploads\/2020\/02\/MG_9601-120x80.jpg 120w, https:\/\/lechatquiguette.com\/wp-content\/uploads\/2020\/02\/MG_9601.jpg 1820w\" sizes=\"(max-width: 1024px) 100vw, 1024px\" \/><\/figure><\/li><\/ul><\/figure>\n","protected":false},"excerpt":{"rendered":"<p>De Humberto ROBLESMonologue adapt\u00e9 pour deux Fridas Le monologue prend ancrage le soir de la f\u00eate des morts, dans la<\/p>\n","protected":false},"author":1,"featured_media":0,"parent":0,"menu_order":0,"comment_status":"closed","ping_status":"closed","template":"","meta":[],"_links":{"self":[{"href":"https:\/\/lechatquiguette.com\/index.php?rest_route=\/wp\/v2\/pages\/57"}],"collection":[{"href":"https:\/\/lechatquiguette.com\/index.php?rest_route=\/wp\/v2\/pages"}],"about":[{"href":"https:\/\/lechatquiguette.com\/index.php?rest_route=\/wp\/v2\/types\/page"}],"author":[{"embeddable":true,"href":"https:\/\/lechatquiguette.com\/index.php?rest_route=\/wp\/v2\/users\/1"}],"replies":[{"embeddable":true,"href":"https:\/\/lechatquiguette.com\/index.php?rest_route=%2Fwp%2Fv2%2Fcomments&post=57"}],"version-history":[{"count":4,"href":"https:\/\/lechatquiguette.com\/index.php?rest_route=\/wp\/v2\/pages\/57\/revisions"}],"predecessor-version":[{"id":510,"href":"https:\/\/lechatquiguette.com\/index.php?rest_route=\/wp\/v2\/pages\/57\/revisions\/510"}],"wp:attachment":[{"href":"https:\/\/lechatquiguette.com\/index.php?rest_route=%2Fwp%2Fv2%2Fmedia&parent=57"}],"curies":[{"name":"wp","href":"https:\/\/api.w.org\/{rel}","templated":true}]}}