{"id":59,"date":"2016-06-01T20:32:59","date_gmt":"2016-06-01T20:32:59","guid":{"rendered":"http:\/\/lechatquiguette.com\/?page_id=59"},"modified":"2020-02-17T17:19:13","modified_gmt":"2020-02-17T16:19:13","slug":"licemone","status":"publish","type":"page","link":"https:\/\/lechatquiguette.com\/?page_id=59","title":{"rendered":"Lic\u00e9mone, ou la maison qui chante"},"content":{"rendered":"<p><img decoding=\"async\" loading=\"lazy\" class=\"alignnone size-full wp-image-450 aligncenter\" src=\"https:\/\/lechatquiguette.com\/wp-content\/uploads\/2020\/02\/licemone2-scaled.jpg\" alt=\"\" width=\"1811\" height=\"2560\" srcset=\"https:\/\/lechatquiguette.com\/wp-content\/uploads\/2020\/02\/licemone2-scaled.jpg 1811w, https:\/\/lechatquiguette.com\/wp-content\/uploads\/2020\/02\/licemone2-212x300.jpg 212w, https:\/\/lechatquiguette.com\/wp-content\/uploads\/2020\/02\/licemone2-724x1024.jpg 724w, https:\/\/lechatquiguette.com\/wp-content\/uploads\/2020\/02\/licemone2-768x1086.jpg 768w, https:\/\/lechatquiguette.com\/wp-content\/uploads\/2020\/02\/licemone2-1086x1536.jpg 1086w, https:\/\/lechatquiguette.com\/wp-content\/uploads\/2020\/02\/licemone2-1448x2048.jpg 1448w\" sizes=\"(max-width: 1811px) 100vw, 1811px\" \/><\/p>\n<hr \/>\n<p>Une com\u00e9dienne entre sur sc\u00e8ne, et nous raconte&#8230;<br \/>Une maison, la nuit. Une petite fille, Lic\u00e9mone, inqui\u00e8te.<br \/>Il y a un bruit. D&rsquo;o\u00f9 vient-il ?<br \/>Courageusement, elle inspecte toutes les pi\u00e8ces de la maison, et devant chaque porte, elle per\u00e7oit des bruits. La fillette tend l&rsquo;oreille&#8230; Mais ne serait-ce pas de la musique ?<\/p>\n<p>Au fil de ses d\u00e9ambulations dans cet espace clos, Lic\u00e9mone s&rsquo;\u00e9vade et nous emm\u00e8ne dans l&rsquo;imaginaire de l&rsquo;enfance o\u00f9 chaque objet est susceptible de prendre vie, avec son caract\u00e8re, son histoire propre, et o\u00f9 chaque bruissement devient la source d&rsquo;une chanson.<\/p>\n<p>Textes et musiques \u00e9crits et interpret\u00e9s par Julia LEMAIRE et Pierre LE BOT<\/p>\n<p>Dossier p\u00e9dagogique disponible sur demande<\/p>\n<hr \/><hr \/>\n<p><iframe loading=\"lazy\" title=\"Licemone, ou la maison qui chante\" width=\"810\" height=\"608\" src=\"https:\/\/www.youtube.com\/embed\/Y_NuGGAXUks?feature=oembed\" frameborder=\"0\" allow=\"accelerometer; autoplay; encrypted-media; gyroscope; picture-in-picture\" allowfullscreen><\/iframe><\/p>\n\n\n<figure class=\"wp-block-gallery columns-3 is-cropped wp-block-gallery-1 is-layout-flex\"><ul class=\"blocks-gallery-grid\"><li class=\"blocks-gallery-item\"><figure><img decoding=\"async\" loading=\"lazy\" width=\"685\" height=\"1024\" src=\"https:\/\/lechatquiguette.com\/wp-content\/uploads\/2020\/02\/Licemone-16-685x1024.jpg\" alt=\"\" data-id=\"485\" data-full-url=\"https:\/\/lechatquiguette.com\/wp-content\/uploads\/2020\/02\/Licemone-16.jpg\" data-link=\"https:\/\/lechatquiguette.com\/?attachment_id=485\" class=\"wp-image-485\" srcset=\"https:\/\/lechatquiguette.com\/wp-content\/uploads\/2020\/02\/Licemone-16-685x1024.jpg 685w, https:\/\/lechatquiguette.com\/wp-content\/uploads\/2020\/02\/Licemone-16-201x300.jpg 201w, https:\/\/lechatquiguette.com\/wp-content\/uploads\/2020\/02\/Licemone-16-768x1149.jpg 768w, https:\/\/lechatquiguette.com\/wp-content\/uploads\/2020\/02\/Licemone-16.jpg 968w\" sizes=\"(max-width: 685px) 100vw, 685px\" \/><\/figure><\/li><li class=\"blocks-gallery-item\"><figure><img decoding=\"async\" loading=\"lazy\" width=\"685\" height=\"1024\" src=\"https:\/\/lechatquiguette.com\/wp-content\/uploads\/2020\/02\/Licemone-39-685x1024.jpg\" alt=\"\" data-id=\"464\" data-full-url=\"https:\/\/lechatquiguette.com\/wp-content\/uploads\/2020\/02\/Licemone-39.jpg\" data-link=\"https:\/\/lechatquiguette.com\/?attachment_id=464\" class=\"wp-image-464\" srcset=\"https:\/\/lechatquiguette.com\/wp-content\/uploads\/2020\/02\/Licemone-39-685x1024.jpg 685w, https:\/\/lechatquiguette.com\/wp-content\/uploads\/2020\/02\/Licemone-39-201x300.jpg 201w, https:\/\/lechatquiguette.com\/wp-content\/uploads\/2020\/02\/Licemone-39-768x1149.jpg 768w, https:\/\/lechatquiguette.com\/wp-content\/uploads\/2020\/02\/Licemone-39.jpg 968w\" sizes=\"(max-width: 685px) 100vw, 685px\" \/><\/figure><\/li><li class=\"blocks-gallery-item\"><figure><img decoding=\"async\" loading=\"lazy\" width=\"1024\" height=\"685\" src=\"https:\/\/lechatquiguette.com\/wp-content\/uploads\/2020\/02\/Licemone-38-1024x685.jpg\" alt=\"\" data-id=\"463\" data-full-url=\"https:\/\/lechatquiguette.com\/wp-content\/uploads\/2020\/02\/Licemone-38.jpg\" data-link=\"https:\/\/lechatquiguette.com\/?attachment_id=463\" class=\"wp-image-463\" srcset=\"https:\/\/lechatquiguette.com\/wp-content\/uploads\/2020\/02\/Licemone-38-1024x685.jpg 1024w, https:\/\/lechatquiguette.com\/wp-content\/uploads\/2020\/02\/Licemone-38-300x201.jpg 300w, https:\/\/lechatquiguette.com\/wp-content\/uploads\/2020\/02\/Licemone-38-768x513.jpg 768w, https:\/\/lechatquiguette.com\/wp-content\/uploads\/2020\/02\/Licemone-38-120x80.jpg 120w, https:\/\/lechatquiguette.com\/wp-content\/uploads\/2020\/02\/Licemone-38.jpg 1448w\" sizes=\"(max-width: 1024px) 100vw, 1024px\" \/><\/figure><\/li><li class=\"blocks-gallery-item\"><figure><img decoding=\"async\" loading=\"lazy\" width=\"685\" height=\"1024\" src=\"https:\/\/lechatquiguette.com\/wp-content\/uploads\/2020\/02\/Licemone-32-685x1024.jpg\" alt=\"\" data-id=\"457\" data-full-url=\"https:\/\/lechatquiguette.com\/wp-content\/uploads\/2020\/02\/Licemone-32.jpg\" data-link=\"https:\/\/lechatquiguette.com\/?attachment_id=457\" class=\"wp-image-457\" srcset=\"https:\/\/lechatquiguette.com\/wp-content\/uploads\/2020\/02\/Licemone-32-685x1024.jpg 685w, https:\/\/lechatquiguette.com\/wp-content\/uploads\/2020\/02\/Licemone-32-201x300.jpg 201w, https:\/\/lechatquiguette.com\/wp-content\/uploads\/2020\/02\/Licemone-32-768x1149.jpg 768w, https:\/\/lechatquiguette.com\/wp-content\/uploads\/2020\/02\/Licemone-32.jpg 968w\" sizes=\"(max-width: 685px) 100vw, 685px\" \/><\/figure><\/li><li class=\"blocks-gallery-item\"><figure><img decoding=\"async\" loading=\"lazy\" width=\"685\" height=\"1024\" src=\"https:\/\/lechatquiguette.com\/wp-content\/uploads\/2020\/02\/Licemone-31-685x1024.jpg\" alt=\"\" data-id=\"456\" data-full-url=\"https:\/\/lechatquiguette.com\/wp-content\/uploads\/2020\/02\/Licemone-31.jpg\" data-link=\"https:\/\/lechatquiguette.com\/?attachment_id=456\" class=\"wp-image-456\" srcset=\"https:\/\/lechatquiguette.com\/wp-content\/uploads\/2020\/02\/Licemone-31-685x1024.jpg 685w, https:\/\/lechatquiguette.com\/wp-content\/uploads\/2020\/02\/Licemone-31-201x300.jpg 201w, https:\/\/lechatquiguette.com\/wp-content\/uploads\/2020\/02\/Licemone-31-768x1149.jpg 768w, https:\/\/lechatquiguette.com\/wp-content\/uploads\/2020\/02\/Licemone-31.jpg 968w\" sizes=\"(max-width: 685px) 100vw, 685px\" \/><\/figure><\/li><\/ul><\/figure>\n","protected":false},"excerpt":{"rendered":"<p>Une com\u00e9dienne entre sur sc\u00e8ne, et nous raconte&#8230;Une maison, la nuit. Une petite fille, Lic\u00e9mone, inqui\u00e8te.Il y a un bruit.<\/p>\n","protected":false},"author":1,"featured_media":0,"parent":0,"menu_order":0,"comment_status":"closed","ping_status":"closed","template":"","meta":[],"_links":{"self":[{"href":"https:\/\/lechatquiguette.com\/index.php?rest_route=\/wp\/v2\/pages\/59"}],"collection":[{"href":"https:\/\/lechatquiguette.com\/index.php?rest_route=\/wp\/v2\/pages"}],"about":[{"href":"https:\/\/lechatquiguette.com\/index.php?rest_route=\/wp\/v2\/types\/page"}],"author":[{"embeddable":true,"href":"https:\/\/lechatquiguette.com\/index.php?rest_route=\/wp\/v2\/users\/1"}],"replies":[{"embeddable":true,"href":"https:\/\/lechatquiguette.com\/index.php?rest_route=%2Fwp%2Fv2%2Fcomments&post=59"}],"version-history":[{"count":11,"href":"https:\/\/lechatquiguette.com\/index.php?rest_route=\/wp\/v2\/pages\/59\/revisions"}],"predecessor-version":[{"id":497,"href":"https:\/\/lechatquiguette.com\/index.php?rest_route=\/wp\/v2\/pages\/59\/revisions\/497"}],"wp:attachment":[{"href":"https:\/\/lechatquiguette.com\/index.php?rest_route=%2Fwp%2Fv2%2Fmedia&parent=59"}],"curies":[{"name":"wp","href":"https:\/\/api.w.org\/{rel}","templated":true}]}}