{"id":725,"date":"2025-01-14T11:29:20","date_gmt":"2025-01-14T10:29:20","guid":{"rendered":"https:\/\/lechatquiguette.com\/?page_id=725"},"modified":"2025-01-14T11:36:03","modified_gmt":"2025-01-14T10:36:03","slug":"lodysee-de-polly","status":"publish","type":"page","link":"https:\/\/lechatquiguette.com\/?page_id=725","title":{"rendered":"L&rsquo;Odys\u00e9e de Polly"},"content":{"rendered":"\n<figure class=\"wp-block-image size-large\"><img decoding=\"async\" loading=\"lazy\" width=\"1024\" height=\"724\" src=\"https:\/\/lechatquiguette.com\/wp-content\/uploads\/2024\/05\/image-2-1024x724.jpg\" alt=\"\" class=\"wp-image-695\" srcset=\"https:\/\/lechatquiguette.com\/wp-content\/uploads\/2024\/05\/image-2-1024x724.jpg 1024w, https:\/\/lechatquiguette.com\/wp-content\/uploads\/2024\/05\/image-2-300x212.jpg 300w, https:\/\/lechatquiguette.com\/wp-content\/uploads\/2024\/05\/image-2-768x543.jpg 768w, https:\/\/lechatquiguette.com\/wp-content\/uploads\/2024\/05\/image-2-1536x1086.jpg 1536w, https:\/\/lechatquiguette.com\/wp-content\/uploads\/2024\/05\/image-2-2048x1448.jpg 2048w\" sizes=\"(max-width: 1024px) 100vw, 1024px\" \/><\/figure>\n\n\n\n<p>\u00ab\u00a0Il faut partir, nous n&rsquo;avons pas le choix\u00a0\u00bb, a dit sa m\u00e8re.<\/p>\n\n\n\n<p>Mais Polly se refuse de quitter sa maison, son pays, son monde \u00e0 elle. Peu \u00e0 peu,pourtant, elle apprivoise ses \u00e9motions en se figurant voyager avec Dolly, sa vieille poup\u00e9e de chiffon po\u00e9tesse : elles marchent dans le d\u00e9sert, gravissent une montagne, traversent des oc\u00e9ans et rencontrent des cr\u00e9atures \u00e9tonnantes, dr\u00f4les ou inqui\u00e9tantes.<\/p>\n\n\n\n<p>\u00c9maill\u00e9e de po\u00e8mes d&rsquo;auteurs, cette odyss\u00e9e imaginaire la pr\u00e9pare int\u00e9rieurement \u00e0 l&rsquo;exil et lui donnera la force de partir pour de vrai vers un nouveau chez-elle.<\/p>\n\n\n\n<p>Tout public, \u00e0 partir de 7 ans<\/p>\n\n\n\n<p class=\"has-text-align-center\"><strong>Mise en sc\u00e8ne :<\/strong> Julia Lemaire<\/p>\n\n\n\n<p class=\"has-text-align-center\"><strong>Com\u00e9diennes :<\/strong> Anne-Claire Carret et C\u00e9line Grolleau<\/p>\n\n\n\n<p class=\"has-text-align-center\"><strong>Musique :<\/strong> Pierre Le Bot<\/p>\n\n\n\n<p class=\"has-text-align-center\"><strong>Costumes :<\/strong> Pascale Bereni<\/p>\n\n\n\n<figure class=\"wp-block-embed is-type-video is-provider-youtube wp-block-embed-youtube wp-embed-aspect-16-9 wp-has-aspect-ratio\"><div class=\"wp-block-embed__wrapper\">\n<iframe loading=\"lazy\" title=\"L&#039;Odyss\u00e9e de Polly - Teaser\" width=\"810\" height=\"456\" src=\"https:\/\/www.youtube.com\/embed\/SDzwAB7gxyg?feature=oembed\" frameborder=\"0\" allow=\"accelerometer; autoplay; clipboard-write; encrypted-media; gyroscope; picture-in-picture; web-share\" referrerpolicy=\"strict-origin-when-cross-origin\" allowfullscreen><\/iframe>\n<\/div><\/figure>\n\n\n\n<figure class=\"wp-block-image size-large\"><img decoding=\"async\" loading=\"lazy\" width=\"1024\" height=\"1024\" src=\"https:\/\/lechatquiguette.com\/wp-content\/uploads\/2025\/01\/IMG-20240911-WA0012-1024x1024.jpg\" alt=\"\" class=\"wp-image-718\" srcset=\"https:\/\/lechatquiguette.com\/wp-content\/uploads\/2025\/01\/IMG-20240911-WA0012-1024x1024.jpg 1024w, https:\/\/lechatquiguette.com\/wp-content\/uploads\/2025\/01\/IMG-20240911-WA0012-300x300.jpg 300w, https:\/\/lechatquiguette.com\/wp-content\/uploads\/2025\/01\/IMG-20240911-WA0012-150x150.jpg 150w, https:\/\/lechatquiguette.com\/wp-content\/uploads\/2025\/01\/IMG-20240911-WA0012-768x768.jpg 768w, https:\/\/lechatquiguette.com\/wp-content\/uploads\/2025\/01\/IMG-20240911-WA0012.jpg 1496w\" sizes=\"(max-width: 1024px) 100vw, 1024px\" \/><\/figure>\n\n\n\n<figure class=\"wp-block-image size-large\"><img decoding=\"async\" loading=\"lazy\" width=\"1024\" height=\"1024\" src=\"https:\/\/lechatquiguette.com\/wp-content\/uploads\/2025\/01\/IMG-20240911-WA0017-1024x1024.jpg\" alt=\"\" class=\"wp-image-720\" srcset=\"https:\/\/lechatquiguette.com\/wp-content\/uploads\/2025\/01\/IMG-20240911-WA0017-1024x1024.jpg 1024w, https:\/\/lechatquiguette.com\/wp-content\/uploads\/2025\/01\/IMG-20240911-WA0017-300x300.jpg 300w, https:\/\/lechatquiguette.com\/wp-content\/uploads\/2025\/01\/IMG-20240911-WA0017-150x150.jpg 150w, https:\/\/lechatquiguette.com\/wp-content\/uploads\/2025\/01\/IMG-20240911-WA0017-768x768.jpg 768w, https:\/\/lechatquiguette.com\/wp-content\/uploads\/2025\/01\/IMG-20240911-WA0017.jpg 1496w\" sizes=\"(max-width: 1024px) 100vw, 1024px\" \/><\/figure>\n\n\n\n<figure class=\"wp-block-image size-large\"><img decoding=\"async\" loading=\"lazy\" width=\"1024\" height=\"1024\" src=\"https:\/\/lechatquiguette.com\/wp-content\/uploads\/2025\/01\/IMG-20240911-WA0019-1024x1024.jpg\" alt=\"\" class=\"wp-image-722\" srcset=\"https:\/\/lechatquiguette.com\/wp-content\/uploads\/2025\/01\/IMG-20240911-WA0019-1024x1024.jpg 1024w, https:\/\/lechatquiguette.com\/wp-content\/uploads\/2025\/01\/IMG-20240911-WA0019-300x300.jpg 300w, https:\/\/lechatquiguette.com\/wp-content\/uploads\/2025\/01\/IMG-20240911-WA0019-150x150.jpg 150w, https:\/\/lechatquiguette.com\/wp-content\/uploads\/2025\/01\/IMG-20240911-WA0019-768x768.jpg 768w, https:\/\/lechatquiguette.com\/wp-content\/uploads\/2025\/01\/IMG-20240911-WA0019.jpg 1496w\" sizes=\"(max-width: 1024px) 100vw, 1024px\" \/><\/figure>\n\n\n\n<figure class=\"wp-block-image size-large\"><img decoding=\"async\" loading=\"lazy\" width=\"1024\" height=\"1024\" src=\"https:\/\/lechatquiguette.com\/wp-content\/uploads\/2025\/01\/IMG-20240911-WA0014-1024x1024.jpg\" alt=\"\" class=\"wp-image-719\" srcset=\"https:\/\/lechatquiguette.com\/wp-content\/uploads\/2025\/01\/IMG-20240911-WA0014-1024x1024.jpg 1024w, https:\/\/lechatquiguette.com\/wp-content\/uploads\/2025\/01\/IMG-20240911-WA0014-300x300.jpg 300w, https:\/\/lechatquiguette.com\/wp-content\/uploads\/2025\/01\/IMG-20240911-WA0014-150x150.jpg 150w, https:\/\/lechatquiguette.com\/wp-content\/uploads\/2025\/01\/IMG-20240911-WA0014-768x768.jpg 768w, https:\/\/lechatquiguette.com\/wp-content\/uploads\/2025\/01\/IMG-20240911-WA0014.jpg 1496w\" sizes=\"(max-width: 1024px) 100vw, 1024px\" \/><\/figure>\n\n\n\n<figure class=\"wp-block-image size-large\"><img decoding=\"async\" loading=\"lazy\" width=\"1024\" height=\"1024\" src=\"https:\/\/lechatquiguette.com\/wp-content\/uploads\/2025\/01\/IMG-20240911-WA0008-1024x1024.jpg\" alt=\"\" class=\"wp-image-716\" srcset=\"https:\/\/lechatquiguette.com\/wp-content\/uploads\/2025\/01\/IMG-20240911-WA0008-1024x1024.jpg 1024w, https:\/\/lechatquiguette.com\/wp-content\/uploads\/2025\/01\/IMG-20240911-WA0008-300x300.jpg 300w, https:\/\/lechatquiguette.com\/wp-content\/uploads\/2025\/01\/IMG-20240911-WA0008-150x150.jpg 150w, https:\/\/lechatquiguette.com\/wp-content\/uploads\/2025\/01\/IMG-20240911-WA0008-768x768.jpg 768w, https:\/\/lechatquiguette.com\/wp-content\/uploads\/2025\/01\/IMG-20240911-WA0008.jpg 1496w\" sizes=\"(max-width: 1024px) 100vw, 1024px\" \/><\/figure>\n\n\n\n<figure class=\"wp-block-image size-large\"><img decoding=\"async\" loading=\"lazy\" width=\"949\" height=\"1024\" src=\"https:\/\/lechatquiguette.com\/wp-content\/uploads\/2025\/01\/IMG-20240911-WA0002-949x1024.jpg\" alt=\"\" class=\"wp-image-715\" srcset=\"https:\/\/lechatquiguette.com\/wp-content\/uploads\/2025\/01\/IMG-20240911-WA0002-949x1024.jpg 949w, https:\/\/lechatquiguette.com\/wp-content\/uploads\/2025\/01\/IMG-20240911-WA0002-278x300.jpg 278w, https:\/\/lechatquiguette.com\/wp-content\/uploads\/2025\/01\/IMG-20240911-WA0002-768x828.jpg 768w, https:\/\/lechatquiguette.com\/wp-content\/uploads\/2025\/01\/IMG-20240911-WA0002.jpg 1387w\" sizes=\"(max-width: 949px) 100vw, 949px\" \/><\/figure>\n\n\n\n<figure class=\"wp-block-image size-large\"><img decoding=\"async\" loading=\"lazy\" width=\"1024\" height=\"1024\" src=\"https:\/\/lechatquiguette.com\/wp-content\/uploads\/2025\/01\/IMG-20240911-WA0018-1024x1024.jpg\" alt=\"\" class=\"wp-image-721\" srcset=\"https:\/\/lechatquiguette.com\/wp-content\/uploads\/2025\/01\/IMG-20240911-WA0018-1024x1024.jpg 1024w, https:\/\/lechatquiguette.com\/wp-content\/uploads\/2025\/01\/IMG-20240911-WA0018-300x300.jpg 300w, https:\/\/lechatquiguette.com\/wp-content\/uploads\/2025\/01\/IMG-20240911-WA0018-150x150.jpg 150w, https:\/\/lechatquiguette.com\/wp-content\/uploads\/2025\/01\/IMG-20240911-WA0018-768x768.jpg 768w, https:\/\/lechatquiguette.com\/wp-content\/uploads\/2025\/01\/IMG-20240911-WA0018.jpg 1496w\" sizes=\"(max-width: 1024px) 100vw, 1024px\" \/><\/figure>\n\n\n\n<figure class=\"wp-block-image size-large\"><img decoding=\"async\" loading=\"lazy\" width=\"1024\" height=\"1012\" src=\"https:\/\/lechatquiguette.com\/wp-content\/uploads\/2025\/01\/IMG-20240911-WA0001-1024x1012.jpg\" alt=\"\" class=\"wp-image-723\" srcset=\"https:\/\/lechatquiguette.com\/wp-content\/uploads\/2025\/01\/IMG-20240911-WA0001-1024x1012.jpg 1024w, https:\/\/lechatquiguette.com\/wp-content\/uploads\/2025\/01\/IMG-20240911-WA0001-300x297.jpg 300w, https:\/\/lechatquiguette.com\/wp-content\/uploads\/2025\/01\/IMG-20240911-WA0001-768x759.jpg 768w, https:\/\/lechatquiguette.com\/wp-content\/uploads\/2025\/01\/IMG-20240911-WA0001.jpg 1397w\" sizes=\"(max-width: 1024px) 100vw, 1024px\" \/><\/figure>\n\n\n\n<figure class=\"wp-block-image size-large\"><img decoding=\"async\" loading=\"lazy\" width=\"724\" height=\"1024\" src=\"https:\/\/lechatquiguette.com\/wp-content\/uploads\/2025\/01\/1000013639-724x1024.jpg\" alt=\"\" class=\"wp-image-710\" srcset=\"https:\/\/lechatquiguette.com\/wp-content\/uploads\/2025\/01\/1000013639-724x1024.jpg 724w, https:\/\/lechatquiguette.com\/wp-content\/uploads\/2025\/01\/1000013639-212x300.jpg 212w, https:\/\/lechatquiguette.com\/wp-content\/uploads\/2025\/01\/1000013639-768x1086.jpg 768w, https:\/\/lechatquiguette.com\/wp-content\/uploads\/2025\/01\/1000013639-1087x1536.jpg 1087w, https:\/\/lechatquiguette.com\/wp-content\/uploads\/2025\/01\/1000013639-1449x2048.jpg 1449w, https:\/\/lechatquiguette.com\/wp-content\/uploads\/2025\/01\/1000013639-scaled.jpg 1811w\" sizes=\"(max-width: 724px) 100vw, 724px\" \/><\/figure>\n","protected":false},"excerpt":{"rendered":"<p>\u00ab\u00a0Il faut partir, nous n&rsquo;avons pas le choix\u00a0\u00bb, a dit sa m\u00e8re. Mais Polly se refuse de quitter sa maison,<\/p>\n","protected":false},"author":1,"featured_media":0,"parent":0,"menu_order":0,"comment_status":"closed","ping_status":"closed","template":"","meta":[],"_links":{"self":[{"href":"https:\/\/lechatquiguette.com\/index.php?rest_route=\/wp\/v2\/pages\/725"}],"collection":[{"href":"https:\/\/lechatquiguette.com\/index.php?rest_route=\/wp\/v2\/pages"}],"about":[{"href":"https:\/\/lechatquiguette.com\/index.php?rest_route=\/wp\/v2\/types\/page"}],"author":[{"embeddable":true,"href":"https:\/\/lechatquiguette.com\/index.php?rest_route=\/wp\/v2\/users\/1"}],"replies":[{"embeddable":true,"href":"https:\/\/lechatquiguette.com\/index.php?rest_route=%2Fwp%2Fv2%2Fcomments&post=725"}],"version-history":[{"count":3,"href":"https:\/\/lechatquiguette.com\/index.php?rest_route=\/wp\/v2\/pages\/725\/revisions"}],"predecessor-version":[{"id":728,"href":"https:\/\/lechatquiguette.com\/index.php?rest_route=\/wp\/v2\/pages\/725\/revisions\/728"}],"wp:attachment":[{"href":"https:\/\/lechatquiguette.com\/index.php?rest_route=%2Fwp%2Fv2%2Fmedia&parent=725"}],"curies":[{"name":"wp","href":"https:\/\/api.w.org\/{rel}","templated":true}]}}